{"id":10871,"date":"2020-05-15T02:38:30","date_gmt":"2020-05-15T02:38:30","guid":{"rendered":"https:\/\/www.paulcuffee.org\/vida-escolar\/tools-to-stay-informed\/"},"modified":"2023-08-24T22:09:08","modified_gmt":"2023-08-24T22:09:08","slug":"herramientas-para-mantenerse-informado","status":"publish","type":"page","link":"https:\/\/www.paulcuffee.org\/es\/vida-escolar\/herramientas-para-mantenerse-informado\/","title":{"rendered":"Herramientas para Mantenerse Informado"},"content":{"rendered":"<p>En la escuela Paul Cuffee queremos que todas las familias sean socios iguales en la educaci\u00f3n de sus hijos. Es por eso que estamos ofreciendo estas herramientas gratuitas en l\u00ednea para inscribirse, volver a registrarse, pagar los almuerzos escolares, comunicarse con los maestros y monitorear el progreso de su hijo, incluyendo la posibilidad de descargar las calificaciones desde la casa.<\/p>\n<p>Aseg\u00farese de tomar el tiempo para suscribirse a <strong>Mealtime<\/strong>, <strong>Skyward<\/strong> y <strong>Remind<\/strong> para tener acesso y proporcionar la informaci\u00f3n requerida para la educaci\u00f3n y las comidas de su hijo. Aqu\u00ed est\u00e1n las instrucciones de c\u00f3mo usarlos.<\/p>\n<hr>\n<p style=\"text-align: left;\"><img loading=\"lazy\" decoding=\"async\" class=\"alignleft wp-image-11775\" src=\"https:\/\/www.paulcuffee.org\/wp-content\/uploads\/2020\/09\/mealtime_ws.png\" alt=\"\" width=\"150\" height=\"122\" data-wp-pid=\"11775\"><\/p>\n<p style=\"text-align: left;\">Las comidas escolares se pueden comprar por adelantado, ya sea semanalmente o mensualmente, para mantenerse al d\u00eda con su obligaci\u00f3n de pago. Usted puede pagar su cuenta en l\u00ednea visitando&nbsp;<a href=\"http:\/\/www.mymealtime.com\">www.mymealtime.com.<\/a><\/p>\n<p>&#8211; Para completar su solicitud electronica de comidas,&nbsp;<a href=\"https:\/\/www.mymealtime.com\/Apps\/SignIn.aspx?ReturnUrl=%2fApps\">presione aqu\u00ed<\/a>.<br \/>\n&#8211; Para obtener instrucciones sobre c\u00f3mo llenar su solicitud en l\u00ednea, lea el&nbsp;<a href=\"https:\/\/www.paulcuffee.org\/wp-content\/uploads\/2020\/09\/Una-Gu\u00eda-para-Crear-Aplicaciones-Gratuitas.pdf\">Gu\u00eda para padres<\/a>.<\/p>\n<hr>\n<p style=\"text-align: center;\"><img loading=\"lazy\" decoding=\"async\" class=\"alignleft wp-image-11780\" src=\"https:\/\/www.paulcuffee.org\/wp-content\/uploads\/2020\/09\/skyward-logo.jpg\" alt=\"\" width=\"150\" height=\"150\" data-wp-pid=\"11780\" srcset=\"https:\/\/www.paulcuffee.org\/wp-content\/uploads\/2020\/09\/skyward-logo.jpg 225w, https:\/\/www.paulcuffee.org\/wp-content\/uploads\/2020\/09\/skyward-logo-150x150.jpg 150w\" sizes=\"auto, (max-width: 150px) 100vw, 150px\" \/><\/p>\n<p style=\"text-align: left;\"><b>Skyward Family Access<\/b>&nbsp;le&nbsp;permite a las familias actualmente inscritas a monitorear el desempe\u00f1o de sus hijos a trav\u00e9s de nuestra conexi\u00f3n segura al Internet. Presione la imagen o el siguiente enlace para iniciar una sesi\u00f3n en la cuenta de su hijo.<\/p>\n<p><span style=\"font-weight: 400;\">&#8211;&nbsp; <a href=\"https:\/\/skyward.iscorp.com\/scripts\/wsisa.dll\/WService=wsedupaulcuffeeri\/seplog01.w\" target=\"_blank\" rel=\"noopener noreferrer\">Iniciar una sesi\u00f3n de Skyward<\/a><br \/>\n&#8211; &nbsp;<a href=\"https:\/\/www.paulcuffee.org\/wp-content\/uploads\/2020\/04\/Skyward-Login-Info.pdf\">Informaci\u00f3n de como iniciar una sesi\u00f3n de Skyward<\/a><\/span><\/p>\n<hr>\n<p style=\"text-align: left;\"><img loading=\"lazy\" decoding=\"async\" class=\"alignleft wp-image-15244 size-thumbnail\" src=\"https:\/\/www.paulcuffee.org\/wp-content\/uploads\/2023\/08\/parentsquare_w-150x150.png\" alt=\"\" width=\"150\" height=\"150\" data-wp-pid=\"15244\" srcset=\"https:\/\/www.paulcuffee.org\/wp-content\/uploads\/2023\/08\/parentsquare_w-150x150.png 150w, https:\/\/www.paulcuffee.org\/wp-content\/uploads\/2023\/08\/parentsquare_w.png 300w\" sizes=\"auto, (max-width: 150px) 100vw, 150px\" \/><\/p>\n<p style=\"text-align: left;\">La escuela Paul Cuffee utiliza <strong>ParentSquare<\/strong> para comunicarse con las familias. Con ParentSquare, puede recibir comunicaciones de la escuela sobre recordatorios, salidas tempranas, retrasos y eventos urgentes. Tambi\u00e9n puede comunicarse directamente con los maestros de su hijo y recibir boletines informativos de nuestros directores. Descargue la aplicaci\u00f3n ParentSquare para asegurarse de recibir las comunicaciones (disponible en iPhone y Android). Para obtener un c\u00f3digo de registro de ParentSquare, comun\u00edquese con <a href=\"mailto:apphelp@paulcuffee.org\" target=\"_blank\" rel=\"noopener\">apphelp@paulcuffee.org<\/a><\/p>\n<hr>\n<p>Contacte la oficina principal de su edificio respectivo si tiene alguna pregunta:<\/p>\n<p style=\"padding-left: 40px;\">&#8211; <em>Escuela Elemental<\/em>: (401) 453-2626<br \/>\n&#8211; <em>Escuela Intermedia<\/em>: (401) 453-2711<br \/>\n&#8211; <em>Escuela Superior<\/em>: (401) 781-2727<\/p>\n","protected":false},"excerpt":{"rendered":"<p>En la escuela Paul Cuffee queremos que todas las familias sean socios iguales en la educaci\u00f3n de sus hijos. Es por eso que estamos ofreciendo estas herramientas gratuitas en l\u00ednea para inscribirse, volver a registrarse, pagar los almuerzos escolares, comunicarse<span class=\"ellipsis\">&hellip;<\/span><\/p>\n<div class=\"read-more\"><a href=\"https:\/\/www.paulcuffee.org\/es\/vida-escolar\/herramientas-para-mantenerse-informado\/\">Leer m\u00e1s \u203a<\/a><\/div>\n<p><!-- end of .read-more --><\/p>\n","protected":false},"author":3,"featured_media":12145,"parent":5344,"menu_order":0,"comment_status":"closed","ping_status":"closed","template":"","meta":{"_acf_changed":false,"_monsterinsights_skip_tracking":false,"_monsterinsights_sitenote_active":false,"_monsterinsights_sitenote_note":"","_monsterinsights_sitenote_category":0,"ngg_post_thumbnail":0,"footnotes":""},"tags":[],"class_list":["post-10871","page","type-page","status-publish","has-post-thumbnail","hentry"],"acf":[],"_links":{"self":[{"href":"https:\/\/www.paulcuffee.org\/es\/wp-json\/wp\/v2\/pages\/10871","targetHints":{"allow":["GET"]}}],"collection":[{"href":"https:\/\/www.paulcuffee.org\/es\/wp-json\/wp\/v2\/pages"}],"about":[{"href":"https:\/\/www.paulcuffee.org\/es\/wp-json\/wp\/v2\/types\/page"}],"author":[{"embeddable":true,"href":"https:\/\/www.paulcuffee.org\/es\/wp-json\/wp\/v2\/users\/3"}],"replies":[{"embeddable":true,"href":"https:\/\/www.paulcuffee.org\/es\/wp-json\/wp\/v2\/comments?post=10871"}],"version-history":[{"count":0,"href":"https:\/\/www.paulcuffee.org\/es\/wp-json\/wp\/v2\/pages\/10871\/revisions"}],"up":[{"embeddable":true,"href":"https:\/\/www.paulcuffee.org\/es\/wp-json\/wp\/v2\/pages\/5344"}],"wp:featuredmedia":[{"embeddable":true,"href":"https:\/\/www.paulcuffee.org\/es\/wp-json\/wp\/v2\/media\/12145"}],"wp:attachment":[{"href":"https:\/\/www.paulcuffee.org\/es\/wp-json\/wp\/v2\/media?parent=10871"}],"wp:term":[{"taxonomy":"post_tag","embeddable":true,"href":"https:\/\/www.paulcuffee.org\/es\/wp-json\/wp\/v2\/tags?post=10871"}],"curies":[{"name":"wp","href":"https:\/\/api.w.org\/{rel}","templated":true}]}}