{"id":11544,"date":"2020-06-25T15:34:32","date_gmt":"2020-06-25T15:34:32","guid":{"rendered":"https:\/\/www.paulcuffee.org\/?page_id=11544"},"modified":"2022-05-17T12:19:09","modified_gmt":"2022-05-17T12:19:09","slug":"en-preparacion-para-kindergarten","status":"publish","type":"page","link":"https:\/\/www.paulcuffee.org\/es\/vida-escolar\/en-preparacion-para-kindergarten\/","title":{"rendered":"\u00a1Bienvenidos a la Escuela Paul Cuffee!"},"content":{"rendered":"<p>En un esfuerzo por crear el mejor comienzo posible para nuestros ni\u00f1os m\u00e1s peque\u00f1os, mire los videos y vea los recursos a continuaci\u00f3n para encontrar maneras de ayudar a su hijo a prepararse para Kindergarten.<\/p>\n<p>\u00a1Divi\u00e9rtanse aprendiendo todo sobre <em>rimas<\/em>, <em>sonidos iniciales<\/em>, <em>s\u00edlabas<\/em>, <em>letras <\/em>e<em> impresos ambientales<\/em> a trav\u00e9s de actividades f\u00e1ciles y atractivas que pueden hacer directamente en casa con su hijo!<\/p>\n<hr>\n<h2 id=\"tablepress-1s-name\" class=\"tablepress-table-name tablepress-table-name-id-1s\">Habilidad: Rimar<\/h2>\n<span id=\"tablepress-1s-description\" class=\"tablepress-table-description tablepress-table-description-id-1s\">La rima le ense\u00f1a a los ni\u00f1os c\u00f3mo funciona el lenguaje. La rima ayuda a los ni\u00f1os a notar y jugar con los sonidos de las palabras. \u00a1Aqu\u00ed hay actividades de rimas que pueden jugar en cualquier lugar, como en el autom\u00f3vil o esperando en la fila de una tienda!<\/br><\/br><\/span>\n\n<table id=\"tablepress-1s\" class=\"tablepress tablepress-id-1s table1\" aria-labelledby=\"tablepress-1s-name\" aria-describedby=\"tablepress-1s-description\">\n<thead>\n<tr class=\"row-1\">\n\t<th class=\"column-1\">Que Hacer<\/th><th class=\"column-2\">Descripci\u00f3n<\/th><td class=\"column-3\"><\/td>\n<\/tr>\n<\/thead>\n<tbody>\n<tr class=\"row-2\">\n\t<td class=\"column-1\"><strong>ACTIVIDAD<\/strong><\/td><td class=\"column-2\"><strong>Repetici\u00f3n de rima<\/strong>: el ni\u00f1o comienza a escuchar y decir palabras que riman<br \/>\n<li>El padre dice 2 palabras que riman (gato, plato)<br \/>\n<li>El ni\u00f1o repite las 2 palabras que riman<\/li><br \/>\n<strong>Reconocimiento de rima<\/strong>: el ni\u00f1o reconoce si las palabras riman o no riman<br \/>\n<li>El padre dice 2 palabras (mapa, tapa) o (s\u00ed, yo) <br \/>\n<li>El ni\u00f1o repite las 2 palabras y muestra los pulgares hacia arriba si las 2 palabras riman o muestra los pulgares hacia abajo si las 2 palabras no riman<\/li><\/td><td class=\"column-3\"><\/td>\n<\/tr>\n<tr class=\"row-3\">\n\t<td class=\"column-1\"><strong>VIDEO<\/strong><\/td><td class=\"column-2\"><div><a href=\"https:\/\/www.youtube.com\/watch?v=fuSLqfbVOvw&amp;feature=youtu.be\" target=\"_blank\" rel=\"noopener noreferrer\"><img loading=\"lazy\" decoding=\"async\" src=\"https:\/\/www.paulcuffee.org\/wp-content\/uploads\/2020\/06\/Kinder_HearingRhymes.png\" alt=\"\" width=\"120\" height=\"027\" ><\/a>   Vea <a href=\"https:\/\/www.youtube.com\/watch?v=fuSLqfbVOvw&amp;feature=youtu.be\" rel=\"noopener noreferrer\" target=\"_blank\">Hearing Rhymes<\/a><\/td><td class=\"column-3\"><\/td>\n<\/tr>\n<\/tbody>\n<\/table>\n<!-- #tablepress-1s from cache -->\n<hr>\n<h2 id=\"tablepress-2s-name\" class=\"tablepress-table-name tablepress-table-name-id-2s\">HABILIDAD: Sonidos iniciales<\/h2>\n<span id=\"tablepress-2s-description\" class=\"tablepress-table-description tablepress-table-description-id-2s\">Es importante que los ni\u00f1os puedan reconocer sonidos individuales en las palabras. Aqu\u00ed hay algunas actividades de b\u00fasqueda del tesoro para ayudar a su hijo a escuchar los sonidos iniciales.<\/br><\/br><\/span>\n\n<table id=\"tablepress-2s\" class=\"tablepress tablepress-id-2s\" aria-labelledby=\"tablepress-2s-name\" aria-describedby=\"tablepress-2s-description\">\n<thead>\n<tr class=\"row-1\">\n\t<th class=\"column-1\">Que Hacer<\/th><th class=\"column-2\">Descripci\u00f3n<\/th><td class=\"column-3\"><\/td>\n<\/tr>\n<\/thead>\n<tbody>\n<tr class=\"row-2\">\n\t<td class=\"column-1\"><strong>ACTIVIDAD<\/strong><\/td><td class=\"column-2\"><strong>B\u00fasqueda de sonidos de inicio similares:<\/strong> <br \/>\n<li>Busquen juguetes \/ objetos en casa que comiencen con el mismo sonido (bloque, Barbie, bola). Preg\u00fantele a su hijo cu\u00e1l es el primer sonido que escucha.<\/li><br \/>\n<strong>B\u00fasqueda de sonidos de inicio diferentes<\/strong>: <br \/>\n<li>Mu\u00e9strele a su hijo juguetes \/ objetos con 3 sonidos de inicio diferentes (tijeras, cuchara, vaca). P\u00eddale a su hijo que encuentre el objeto que comienza con el sonido _____.<\/td><td class=\"column-3\"><\/td>\n<\/tr>\n<tr class=\"row-3\">\n\t<td class=\"column-1\"><strong>VIDEO<\/strong><\/td><td class=\"column-2\"><div><a href=\"https:\/\/www.youtube.com\/watch?v=4mcAtqxa7Fc&amp;feature=youtu.be\" target=\"_blank\" rel=\"noopener noreferrer\"><img loading=\"lazy\" decoding=\"async\" src=\"https:\/\/www.paulcuffee.org\/wp-content\/uploads\/2020\/06\/Kinder_AroundHouse.png\" alt=\"\" width=\"120\" height=\"027\" ><\/a>     <a href=\"https:\/\/www.youtube.com\/watch?v=4mcAtqxa7Fc&amp;feature=youtu.be\" rel=\"noopener noreferrer\" target=\"_blank\">\u00a1Practica los sonidos iniciales con cosas de la casa!<\/a><\/td><td class=\"column-3\"><\/td>\n<\/tr>\n<\/tbody>\n<\/table>\n<!-- #tablepress-2s from cache -->\n<hr>\n<h2 id=\"tablepress-3s-name\" class=\"tablepress-table-name tablepress-table-name-id-3s\">HABILIDAD: S\u00edlabas<\/h2>\n<span id=\"tablepress-3s-description\" class=\"tablepress-table-description tablepress-table-description-id-3s\">Escuchar las s\u00edlabas ayuda a los ni\u00f1os a distinguir partes de una palabra. Reconocer las s\u00edlabas es compatible tanto con la lectura como con la escritura. Aqu\u00ed hay algunas actividades para que puedan practicar el escuchar y contar las s\u00edlabas en las palabras.<\/br><\/br><\/span>\n\n<table id=\"tablepress-3s\" class=\"tablepress tablepress-id-3s\" aria-labelledby=\"tablepress-3s-name\" aria-describedby=\"tablepress-3s-description\">\n<thead>\n<tr class=\"row-1\">\n\t<th class=\"column-1\">Que Hacer<\/th><th class=\"column-2\">Descripci\u00f3n<\/th><td class=\"column-3\"><\/td>\n<\/tr>\n<\/thead>\n<tbody>\n<tr class=\"row-2\">\n\t<td class=\"column-1\"><strong>ACTIVIDAD<\/strong><\/td><td class=\"column-2\"><strong>\"Syllable Hopscotch\"<\/strong>: <br \/>\n<li>Usa tiza para dibujar un <em>hopscotch<\/em> (una rayuela) con cajas numeradas. Haga que su hijo salte la cantidad de s\u00edlabas que tiene su propio nombre, el nombre de su personaje favorito, animales, comida, etc.<\/li>     <br \/>\n<strong>\"Syllable Clapping, Tapping, and Chin-dropping\"<\/strong>:<br \/>\n<li>Encuentra objetos \/ juguetes en la casa para escuchar y contar las s\u00edlabas. Mientras modela, haga que su hijo grite una palabra para escuchar las s\u00edlabas (ar-bol = 2). Luego haga que su hijo toque sus piernas para escuchar las s\u00edlabas. Por \u00faltimo, haga que su hijo ponga una mano debajo de la barbilla para sentir cu\u00e1ntas s\u00edlabas hay en una palabra.<br \/>\n<\/td><td class=\"column-3\"><\/td>\n<\/tr>\n<tr class=\"row-3\">\n\t<td class=\"column-1\"><strong>VIDEO 1<\/strong><\/td><td class=\"column-2\"><div><a href=\"https:\/\/www.youtube.com\/watch?v=WnJ5O9B9TDM&amp;feature=youtu.be\" target=\"_blank\" rel=\"noopener noreferrer\"><img loading=\"lazy\" decoding=\"async\" src=\"https:\/\/www.paulcuffee.org\/wp-content\/uploads\/2020\/06\/Screen-Shot-2020-06-24-at-2.50.11-PM.png\" alt=\"\" width=\"120\" height=\"027\" ><\/a>   Vea el v\u00eddeo <a href=\"https:\/\/www.youtube.com\/watch?v=WnJ5O9B9TDM&amp;feature=youtu.be\" rel=\"noopener noreferrer\" target=\"_blank\">Syllables Hopscotch<\/a><\/td><td class=\"column-3\"><\/td>\n<\/tr>\n<tr class=\"row-4\">\n\t<td class=\"column-1\"><strong>VIDEO 2<\/strong><\/td><td class=\"column-2\"><div><a href=\"https:\/\/www.youtube.com\/watch?v=K-NBQ1kjNZ0\" target=\"_blank\" rel=\"noopener noreferrer\"><img loading=\"lazy\" decoding=\"async\" src=\"https:\/\/www.paulcuffee.org\/wp-content\/uploads\/2020\/06\/Kinder_Tapping.png\" alt=\"\" width=\"120\" height=\"027\" ><\/a>   Vea el v\u00eddeo <a href=\"https:\/\/www.youtube.com\/watch?v=K-NBQ1kjNZ0\" rel=\"noopener noreferrer\" target=\"_blank\">Tapping, clapping &amp; chin-drops for syllables!<\/a><\/td><td class=\"column-3\"><\/td>\n<\/tr>\n<\/tbody>\n<\/table>\n<!-- #tablepress-3s from cache -->\n<hr>\n<h2 id=\"tablepress-4s-name\" class=\"tablepress-table-name tablepress-table-name-id-4s\">HABILIDAD: Letras<\/h2>\n<span id=\"tablepress-4s-description\" class=\"tablepress-table-description tablepress-table-description-id-4s\">\u00a1Los ni\u00f1os necesitan aprender su ABC's, pero practicar letras no tiene que ser con l\u00e1piz y papel! \u00a1Aqu\u00ed hay actividades de letras para hacer con su hijo que ser\u00e1n una experiencia sensorial divertida! <\/br><\/br><\/span>\n\n<table id=\"tablepress-4s\" class=\"tablepress tablepress-id-4s\" aria-labelledby=\"tablepress-4s-name\" aria-describedby=\"tablepress-4s-description\">\n<thead>\n<tr class=\"row-1\">\n\t<th class=\"column-1\">Que Hacer<\/th><th class=\"column-2\">Descripci\u00f3n<\/th><td class=\"column-3\"><\/td>\n<\/tr>\n<\/thead>\n<tbody>\n<tr class=\"row-2\">\n\t<td class=\"column-1\"><strong>ACTIVIDAD<\/strong><\/td><td class=\"column-2\"><strong>Letras Saladas<\/strong>: <br \/>\n<li>Encuentre una bandeja para hornear y ponga sal en la bandeja. Haga que su hijo forme letras en la sal. Su hijo puede practicar nombrando y formando letras. Agite la bandeja un poco para borrar y comenzar de nuevo.<\/li><br \/>\n<strong>Adivina Mi Letra<\/strong>: <br \/>\n<li>Escriba una letra en la espalda de su hijo con el dedo y vea si puede adivinar la letra. Cambie de lugar y haga que el ni\u00f1o escriba letras en su espalda tambi\u00e9n. Use su mano para \"borrar\" la letra y vuelva a intentarlo.<\/li>  <\/td><td class=\"column-3\"><\/td>\n<\/tr>\n<tr class=\"row-3\">\n\t<td class=\"column-1\"><strong>VIDEO 1<\/strong><\/td><td class=\"column-2\"><div><a href=\"https:\/\/www.youtube.com\/watch?v=SE9BRIxQeU8&amp;feature=youtu.be\" target=\"_blank\" rel=\"noopener noreferrer\"><img loading=\"lazy\" decoding=\"async\" src=\"https:\/\/www.paulcuffee.org\/wp-content\/uploads\/2020\/06\/Kinder_SaltTray1.png\" alt=\"\" width=\"120\" height=\"027\" ><\/a>   Vea el v\u00eddeo <a href=\"https:\/\/www.youtube.com\/watch?v=SE9BRIxQeU8&amp;feature=youtu.be\" rel=\"noopener noreferrer\" target=\"_blank\">Tracing Letters in a Salt Tray<\/a><\/td><td class=\"column-3\"><\/td>\n<\/tr>\n<tr class=\"row-4\">\n\t<td class=\"column-1\"><strong>VIDEO 2<\/strong><\/td><td class=\"column-2\"><div><a href=\"https:\/\/www.youtube.com\/watch?v=wYMQsH5uNy8&amp;feature=youtu.be\" target=\"_blank\" rel=\"noopener noreferrer\"><img loading=\"lazy\" decoding=\"async\" src=\"https:\/\/www.paulcuffee.org\/wp-content\/uploads\/2020\/06\/Kinder_TracingLettersBacks.png\" alt=\"\" width=\"120\" height=\"027\" ><\/a>   Vea el v\u00eddeo  <a href=\"https:\/\/www.youtube.com\/watch?v=wYMQsH5uNy8&amp;feature=youtu.bee\" rel=\"noopener noreferrer\" target=\"_blank\">Tracing Letters on our Backs<\/a><\/td><td class=\"column-3\"><\/td>\n<\/tr>\n<\/tbody>\n<\/table>\n<!-- #tablepress-4s from cache -->\n<hr>\n<h2 id=\"tablepress-5s-name\" class=\"tablepress-table-name tablepress-table-name-id-5s\">HABILIDAD: Impresos Ambientales<\/h2>\n<span id=\"tablepress-5s-description\" class=\"tablepress-table-description tablepress-table-description-id-5s\">Impresos ambientales son las escrituras en nuestro alrededor. Son las palabras en los carteles, etiquetas y logotipos. Los impresos ambientales le ayuda a su hijo a comenzar a reconocer palabras y letras conocidas en las palabras. \u00a1Tambi\u00e9n genera confianza y entusiasma a los ni\u00f1os con la lectura! Aqu\u00ed hay algunas actividades para usar las escrituras su alrededor. <\/br><\/br><\/span>\n\n<table id=\"tablepress-5s\" class=\"tablepress tablepress-id-5s\" aria-labelledby=\"tablepress-5s-name\" aria-describedby=\"tablepress-5s-description\">\n<thead>\n<tr class=\"row-1\">\n\t<th class=\"column-1\">Que Hacer<\/th><th class=\"column-2\">Descripci\u00f3n<\/th><td class=\"column-3\"><\/td>\n<\/tr>\n<\/thead>\n<tbody>\n<tr class=\"row-2\">\n\t<td class=\"column-1\"><strong>ACTIVITIES<\/strong><\/td><td class=\"column-2\"><strong>Puedo Ver Impresos Ambientales<\/strong>: <br \/>\n<li>Cuando salga a caminar o vaya en el autom\u00f3vil, haga que su hijo encuentre letras en los letreros. Juegue \"I Spy\" (Yo Veo) diciendo \"Yo veo la letra ____\". Por ejemplo, \"Yo veo la letra P\" y su hijo encuentra la letra P en Pizza Hut.<\/li><br \/>\n<strong>Puedo Leer Impresos Ambientales<\/strong>:  <br \/>\n<li>Haga su propio libro del alfabeto juntos usando todo tipo de impresos ambientales. Recorte im\u00e1genes de revistas, cajas de cereales, etc. T es para Target, W es para Wal-Mart, S es para el letrero \"STOP\".<\/li>  <\/td><td class=\"column-3\"><\/td>\n<\/tr>\n<tr class=\"row-3\">\n\t<td class=\"column-1\"><strong>EJEMPLO<\/strong><\/td><td class=\"column-2\"><a href=\"https:\/\/www.paulcuffee.org\/wp-content\/uploads\/2020\/06\/Environmental_Print_Book.pdf\" rel=\"noopener noreferrer\" target=\"_blank\">Presione aqu\u00ed<\/a> para ver un ejemplo de un libro ambiental del alfabeto<\/td><td class=\"column-3\"><\/td>\n<\/tr>\n<\/tbody>\n<\/table>\n<!-- #tablepress-5s from cache -->\n<hr>\n<h3><b>Otros Recursos:&nbsp;<\/b><\/h3>\n<ul>\n<li>Consejos para padres de como leerle en voz alta a su hijo <a href=\"https:\/\/www.readingrockets.org\/content\/pdfs\/tips\/Spanish-CC_tips_preschool.pdf\" target=\"_blank\" rel=\"noopener noreferrer\">SPANISH<\/a>&nbsp;| <a href=\"https:\/\/www.readingrockets.org\/content\/pdfs\/tips\/RR_tips_preschool.pdf\" target=\"_blank\" rel=\"noopener noreferrer\">ENGLISH<\/a><\/li>\n<li><a href=\"https:\/\/improvingliteracy.org\/kit\/supporting-your-childs-literacy-development\" target=\"_blank\" rel=\"noopener noreferrer\">National Center on Improving Literacy:<\/a> un recurso para obtener informaci\u00f3n adicional acerca de c\u00f3mo apoyar el desarrollo de la alfabetizaci\u00f3n de su hijo<\/li>\n<\/ul>\n<p>&nbsp;<\/p>\n","protected":false},"excerpt":{"rendered":"<p>En un esfuerzo por crear el mejor comienzo posible para nuestros ni\u00f1os m\u00e1s peque\u00f1os, mire los videos y vea los recursos a continuaci\u00f3n para encontrar maneras de ayudar a su hijo a prepararse para Kindergarten. \u00a1Divi\u00e9rtanse aprendiendo todo sobre rimas,<span class=\"ellipsis\">&hellip;<\/span><\/p>\n<div class=\"read-more\"><a href=\"https:\/\/www.paulcuffee.org\/es\/vida-escolar\/en-preparacion-para-kindergarten\/\">Leer m\u00e1s \u203a<\/a><\/div>\n<p><!-- end of .read-more --><\/p>\n","protected":false},"author":3,"featured_media":12145,"parent":5344,"menu_order":0,"comment_status":"closed","ping_status":"closed","template":"","meta":{"_acf_changed":false,"_monsterinsights_skip_tracking":false,"_monsterinsights_sitenote_active":false,"_monsterinsights_sitenote_note":"","_monsterinsights_sitenote_category":0,"ngg_post_thumbnail":0,"footnotes":""},"tags":[],"class_list":["post-11544","page","type-page","status-publish","has-post-thumbnail","hentry"],"acf":[],"_links":{"self":[{"href":"https:\/\/www.paulcuffee.org\/es\/wp-json\/wp\/v2\/pages\/11544","targetHints":{"allow":["GET"]}}],"collection":[{"href":"https:\/\/www.paulcuffee.org\/es\/wp-json\/wp\/v2\/pages"}],"about":[{"href":"https:\/\/www.paulcuffee.org\/es\/wp-json\/wp\/v2\/types\/page"}],"author":[{"embeddable":true,"href":"https:\/\/www.paulcuffee.org\/es\/wp-json\/wp\/v2\/users\/3"}],"replies":[{"embeddable":true,"href":"https:\/\/www.paulcuffee.org\/es\/wp-json\/wp\/v2\/comments?post=11544"}],"version-history":[{"count":0,"href":"https:\/\/www.paulcuffee.org\/es\/wp-json\/wp\/v2\/pages\/11544\/revisions"}],"up":[{"embeddable":true,"href":"https:\/\/www.paulcuffee.org\/es\/wp-json\/wp\/v2\/pages\/5344"}],"wp:featuredmedia":[{"embeddable":true,"href":"https:\/\/www.paulcuffee.org\/es\/wp-json\/wp\/v2\/media\/12145"}],"wp:attachment":[{"href":"https:\/\/www.paulcuffee.org\/es\/wp-json\/wp\/v2\/media?parent=11544"}],"wp:term":[{"taxonomy":"post_tag","embeddable":true,"href":"https:\/\/www.paulcuffee.org\/es\/wp-json\/wp\/v2\/tags?post=11544"}],"curies":[{"name":"wp","href":"https:\/\/api.w.org\/{rel}","templated":true}]}}