{"id":12465,"date":"2021-02-04T18:23:34","date_gmt":"2021-02-04T18:23:34","guid":{"rendered":"https:\/\/www.paulcuffee.org\/?page_id=12465"},"modified":"2021-02-04T18:24:10","modified_gmt":"2021-02-04T18:24:10","slug":"programa-de-enriquecimiento-k-12","status":"publish","type":"page","link":"https:\/\/www.paulcuffee.org\/es\/vida-escolar\/programa-de-enriquecimiento-k-12\/","title":{"rendered":"Programa de Enriquecimiento K-12"},"content":{"rendered":"<p>Nuestros programas de enriquecimiento van m\u00e1s all\u00e1 de proporcionar un lugar seguro para que los estudiantes hagan sus tareas despu\u00e9s de la escuela. A trav\u00e9s de un curr\u00edculo empoderador, inspiramos el aprendizaje y alentamos a los estudiantes a alcanzar su m\u00e1ximo potencial m\u00e1s all\u00e1 de sus sue\u00f1os m\u00e1s salvajes a trav\u00e9s de la creatividad, el descubrimiento, la exploraci\u00f3n, la tutor\u00eda y la exploraci\u00f3n de carreras. El After School Club (ASC) proporciona un ambiente enriquecedor que fomenta un sentido de pertenencia. Permite que los estudiantes conozcan nuevos amigos, resuelvan problemas por s\u00ed mismos, formen el car\u00e1cter y desarrollen habilidades de liderazgo.<\/p>\n<p>El ASC abarca una variedad de programas de enriquecimiento de alta calidad. Nuestros programas van desde actividades basadas en STEM, aprendizaje basado en proyectos, educaci\u00f3n art\u00edstica, aprendizaje de servicio comunitario, habilidades para la vida, actividades recreativas y aprendizaje de verano. \u00a1Alentamos fuertemente la voz y la elecci\u00f3n de los j\u00f3venes! El ASC proporciona una plataforma para que los estudiantes sean parte del proceso de toma de decisiones a trav\u00e9s de la Junta Asesora de J\u00f3venes.<\/p>\n","protected":false},"excerpt":{"rendered":"<p>Nuestros programas de enriquecimiento van m\u00e1s all\u00e1 de proporcionar un lugar seguro para que los estudiantes hagan sus tareas despu\u00e9s de la escuela. A trav\u00e9s de un curr\u00edculo empoderador, inspiramos el aprendizaje y alentamos a los estudiantes a alcanzar su<span class=\"ellipsis\">&hellip;<\/span><\/p>\n<div class=\"read-more\"><a href=\"https:\/\/www.paulcuffee.org\/es\/vida-escolar\/programa-de-enriquecimiento-k-12\/\">Leer m\u00e1s \u203a<\/a><\/div>\n<p><!-- end of .read-more --><\/p>\n","protected":false},"author":3,"featured_media":12147,"parent":5344,"menu_order":0,"comment_status":"closed","ping_status":"closed","template":"","meta":{"_acf_changed":false,"_monsterinsights_skip_tracking":false,"_monsterinsights_sitenote_active":false,"_monsterinsights_sitenote_note":"","_monsterinsights_sitenote_category":0,"ngg_post_thumbnail":0,"footnotes":""},"tags":[],"class_list":["post-12465","page","type-page","status-publish","has-post-thumbnail","hentry"],"acf":[],"_links":{"self":[{"href":"https:\/\/www.paulcuffee.org\/es\/wp-json\/wp\/v2\/pages\/12465","targetHints":{"allow":["GET"]}}],"collection":[{"href":"https:\/\/www.paulcuffee.org\/es\/wp-json\/wp\/v2\/pages"}],"about":[{"href":"https:\/\/www.paulcuffee.org\/es\/wp-json\/wp\/v2\/types\/page"}],"author":[{"embeddable":true,"href":"https:\/\/www.paulcuffee.org\/es\/wp-json\/wp\/v2\/users\/3"}],"replies":[{"embeddable":true,"href":"https:\/\/www.paulcuffee.org\/es\/wp-json\/wp\/v2\/comments?post=12465"}],"version-history":[{"count":0,"href":"https:\/\/www.paulcuffee.org\/es\/wp-json\/wp\/v2\/pages\/12465\/revisions"}],"up":[{"embeddable":true,"href":"https:\/\/www.paulcuffee.org\/es\/wp-json\/wp\/v2\/pages\/5344"}],"wp:featuredmedia":[{"embeddable":true,"href":"https:\/\/www.paulcuffee.org\/es\/wp-json\/wp\/v2\/media\/12147"}],"wp:attachment":[{"href":"https:\/\/www.paulcuffee.org\/es\/wp-json\/wp\/v2\/media?parent=12465"}],"wp:term":[{"taxonomy":"post_tag","embeddable":true,"href":"https:\/\/www.paulcuffee.org\/es\/wp-json\/wp\/v2\/tags?post=12465"}],"curies":[{"name":"wp","href":"https:\/\/api.w.org\/{rel}","templated":true}]}}