{"id":14605,"date":"2022-12-15T19:20:06","date_gmt":"2022-12-15T19:20:06","guid":{"rendered":"https:\/\/www.paulcuffee.org\/apoyo\/earl-n-smith-memorial-scholarship-fund\/"},"modified":"2023-11-25T15:44:17","modified_gmt":"2023-11-25T15:44:17","slug":"earl-n-smith-memorial-scholarship-fund","status":"publish","type":"page","link":"https:\/\/www.paulcuffee.org\/es\/apoyo\/earl-n-smith-memorial-scholarship-fund\/","title":{"rendered":"La Beca en Memoria de Earl N. Smith"},"content":{"rendered":"<p><img loading=\"lazy\" decoding=\"async\" class=\"alignleft wp-image-14779\" src=\"https:\/\/www.paulcuffee.org\/wp-content\/uploads\/2023\/02\/ESMS-Donate-Button-Spanish-sm-300x207.png\" alt=\"\" width=\"218\" height=\"151\" data-wp-pid=\"14779\" srcset=\"https:\/\/www.paulcuffee.org\/wp-content\/uploads\/2023\/02\/ESMS-Donate-Button-Spanish-sm-300x207.png 300w, https:\/\/www.paulcuffee.org\/wp-content\/uploads\/2023\/02\/ESMS-Donate-Button-Spanish-sm.png 450w\" sizes=\"auto, (max-width: 218px) 100vw, 218px\" \/><\/p>\n<p>En 2010, mientras era vice-decano de la Escuela de Artes y Ciencias de la Universidad de Rhode Island (URI), Earl Smith fue introducido a la comunidad de la Escuela Paul Cuffee. Pronto se convirti\u00f3 en un querido amigo, un mentor de confianza, un miembro activamente comprometido de la Junta Directiva de la Escuela y un presidente dedicado de la Junta. Lamentablemente, una enfermedad cobr\u00f3 prematuramente su vida el 1 de marzo de 2022.<\/p>\n<p>Apasionado por apoyar la salud, la educaci\u00f3n y el bienestar de los estudiantes, Earl fue un firme defensor de la justicia social y racial, la equidad educativa y un plan de estudios acad\u00e9mico en todo el estado que refleja nuestra historia compartida y nuestra poblaci\u00f3n multicultural. Su amistad e impacto ser\u00e1n recordados durante mucho tiempo.<\/p>\n<p>Para honrar el legado de nuestro difunto hermano Earl y su ejemplo de integridad, humildad y perseverancia en el camino hacia el \u00e9xito, la Escuela Paul Cuffee est\u00e1 recaudando $25,000 para donar el Fondo de Becas en Memoria de Earl N. Smith III. Los donantes ya han contribuido con m\u00e1s de $17,500 en obsequios y promesas y el primer ganador del premio se anunci\u00f3 el 31 de mayo de 2023. La historia y las im\u00e1genes se pueden encontrar aqu\u00ed: <a href=\"https:\/\/www.paulcuffee.org\/2023\/06\/02\/proud-moments\/\">Momentos de Orgullo (Proud Moments)<\/a>.<\/p>\n<p>La escuela ha recaudado m\u00e1s de $11,000 en obsequios y promesas hasta la fecha y est\u00e1 buscando activamente donaciones y compromisos de varios a\u00f1os de amigos y familiares que deseen ayudar a la escuela Paul Cuffee a financiar completamente una beca dotada en memoria de Earl.<\/p>\n<p>Se necesitan donaciones de todos los tama\u00f1os para completar esta campa\u00f1a a tiempo. Su generosa contribuci\u00f3n de hoy ayudar\u00e1 a apoyar a un estudiante de \u00faltimo a\u00f1o de la Clase 2023 que, al igual que Earl, est\u00e1 decidido a completar su educaci\u00f3n superior y, al mismo tiempo, ser una fuente de apoyo para otros en el camino.<\/p>\n<p>&nbsp;<\/p>\n<p><img loading=\"lazy\" decoding=\"async\" class=\"wp-image-14781 size-large aligncenter\" src=\"https:\/\/www.paulcuffee.org\/wp-content\/uploads\/2023\/02\/ESMS-Donate-Button-Web-Spanish-1024x115.png\" alt=\"\" width=\"550\" height=\"62\" data-wp-pid=\"14781\" srcset=\"https:\/\/www.paulcuffee.org\/wp-content\/uploads\/2023\/02\/ESMS-Donate-Button-Web-Spanish-1024x115.png 1024w, https:\/\/www.paulcuffee.org\/wp-content\/uploads\/2023\/02\/ESMS-Donate-Button-Web-Spanish-300x34.png 300w, https:\/\/www.paulcuffee.org\/wp-content\/uploads\/2023\/02\/ESMS-Donate-Button-Web-Spanish-768x86.png 768w, https:\/\/www.paulcuffee.org\/wp-content\/uploads\/2023\/02\/ESMS-Donate-Button-Web-Spanish-1536x172.png 1536w, https:\/\/www.paulcuffee.org\/wp-content\/uploads\/2023\/02\/ESMS-Donate-Button-Web-Spanish-2048x229.png 2048w\" sizes=\"auto, (max-width: 550px) 100vw, 550px\" \/><\/p>\n<p>&nbsp;<\/p>\n<hr>\n<p style=\"text-align: center;\"><span style=\"font-weight: 400;\">Lea m\u00e1s sobre la Beca Conmemorativa Earl N. Smith III aqu\u00ed:<br \/>\n<\/span><a href=\"https:\/\/www.paulcuffee.org\/wp-content\/uploads\/2022\/12\/The-Earl-N.-Smith-III-Scholarship-Description-2022-1.pdf\"><span style=\"text-decoration: underline;\"><span style=\"font-weight: 400;\" data-rich-links=\"{&quot;fple-t&quot;:&quot;The Earl N. Smith III Memorial Scholarship Document&quot;,&quot;fple-u&quot;:&quot;https:\/\/docs.google.com\/document\/d\/1UnWoukYxwHNdIv7zqN_jRiaY1SqAnNN3dtaE5-Qh_vs\/edit?usp=sharing&quot;,&quot;fple-mt&quot;:&quot;application\/vnd.google-apps.kix&quot;,&quot;type&quot;:&quot;first-party-link&quot;}\">The Earl N. Smith III Memorial Scholarship<\/span><\/span><\/a><\/p>\n<hr>\n<p style=\"text-align: center;\"><span style=\"font-weight: 400;\">Presione el enlace para leer la Resoluci\u00f3n de la Junta Escolar de Paul Cuffee<br \/>\nen honor al liderazgo de Earl Smith<br \/>\n<\/span><span style=\"text-decoration: underline;\"><a href=\"https:\/\/www.paulcuffee.org\/wp-content\/uploads\/2022\/12\/Resolution-of-Appreciation-for-the-Service-of-Earl-N.-Smith-III.pdf\"><span style=\"font-weight: 400;\" data-rich-links=\"{&quot;fple-t&quot;:&quot;Resolution of Appreciation Earl N. Smith III 10202022&quot;,&quot;fple-u&quot;:&quot;https:\/\/docs.google.com\/document\/d\/1_IOGuAj6KNu_K6JcbsiEA2yQo28STenzBdyPK_Gt9ro\/edit?usp=sharing&quot;,&quot;fple-mt&quot;:&quot;application\/vnd.google-apps.kix&quot;,&quot;type&quot;:&quot;first-party-link&quot;}\">Resolution of Appreciation for Earl N. Smith III<\/span><\/a><\/span><\/p>\n<p>&nbsp;<\/p>\n","protected":false},"excerpt":{"rendered":"<p>En 2010, mientras era vice-decano de la Escuela de Artes y Ciencias de la Universidad de Rhode Island (URI), Earl Smith fue introducido a la comunidad de la Escuela Paul Cuffee. Pronto se convirti\u00f3 en un querido amigo, un mentor<span class=\"ellipsis\">&hellip;<\/span><\/p>\n<div class=\"read-more\"><a href=\"https:\/\/www.paulcuffee.org\/es\/apoyo\/earl-n-smith-memorial-scholarship-fund\/\">Leer m\u00e1s \u203a<\/a><\/div>\n<p><!-- end of .read-more --><\/p>\n","protected":false},"author":3,"featured_media":14708,"parent":5407,"menu_order":0,"comment_status":"closed","ping_status":"closed","template":"","meta":{"_acf_changed":false,"_monsterinsights_skip_tracking":false,"_monsterinsights_sitenote_active":false,"_monsterinsights_sitenote_note":"","_monsterinsights_sitenote_category":0,"ngg_post_thumbnail":0,"footnotes":""},"tags":[],"class_list":["post-14605","page","type-page","status-publish","has-post-thumbnail","hentry"],"acf":[],"_links":{"self":[{"href":"https:\/\/www.paulcuffee.org\/es\/wp-json\/wp\/v2\/pages\/14605","targetHints":{"allow":["GET"]}}],"collection":[{"href":"https:\/\/www.paulcuffee.org\/es\/wp-json\/wp\/v2\/pages"}],"about":[{"href":"https:\/\/www.paulcuffee.org\/es\/wp-json\/wp\/v2\/types\/page"}],"author":[{"embeddable":true,"href":"https:\/\/www.paulcuffee.org\/es\/wp-json\/wp\/v2\/users\/3"}],"replies":[{"embeddable":true,"href":"https:\/\/www.paulcuffee.org\/es\/wp-json\/wp\/v2\/comments?post=14605"}],"version-history":[{"count":0,"href":"https:\/\/www.paulcuffee.org\/es\/wp-json\/wp\/v2\/pages\/14605\/revisions"}],"up":[{"embeddable":true,"href":"https:\/\/www.paulcuffee.org\/es\/wp-json\/wp\/v2\/pages\/5407"}],"wp:featuredmedia":[{"embeddable":true,"href":"https:\/\/www.paulcuffee.org\/es\/wp-json\/wp\/v2\/media\/14708"}],"wp:attachment":[{"href":"https:\/\/www.paulcuffee.org\/es\/wp-json\/wp\/v2\/media?parent=14605"}],"wp:term":[{"taxonomy":"post_tag","embeddable":true,"href":"https:\/\/www.paulcuffee.org\/es\/wp-json\/wp\/v2\/tags?post=14605"}],"curies":[{"name":"wp","href":"https:\/\/api.w.org\/{rel}","templated":true}]}}