{"id":16672,"date":"2026-02-20T15:23:18","date_gmt":"2026-02-20T15:23:18","guid":{"rendered":"https:\/\/www.paulcuffee.org\/?page_id=16672"},"modified":"2026-03-17T15:29:57","modified_gmt":"2026-03-17T15:29:57","slug":"superintendente","status":"publish","type":"page","link":"https:\/\/www.paulcuffee.org\/es\/nosotros\/superintendente\/","title":{"rendered":"B\u00fasqueda de Superintendente"},"content":{"rendered":"<p>La Junta Directiva del Distrito Escolar Ch\u00e1rter Paul Cuffee ha iniciado la b\u00fasqueda de nuestro pr\u00f3ximo Superintendente y ha contratado al Grupo Consultor Educativo del Noreste para liderar este proceso. Como parte de esta importante labor, invitamos a los miembros de nuestra comunidad escolar a compartir sus opiniones sobre las cualidades, experiencias y visi\u00f3n que debemos buscar en nuestro pr\u00f3ximo l\u00edder.<\/p>\n<h2>Aportaciones de la Comunidad<\/h2>\n<hr>\n<p>Su opini\u00f3n es importante. Las opiniones de la comunidad contribuir\u00e1n a definir el perfil de liderazgo que guiar\u00e1 la selecci\u00f3n de un Superintendente que honre la misi\u00f3n de Paul Cuffee y promueva nuestro compromiso de preparar a los estudiantes para la educaci\u00f3n superior, el aprendizaje permanente y la ciudadan\u00eda activa.<\/p>\n<p>Foros:<\/p>\n<p>\u2013 22 de enero de 2026 | 16:15\u201317:15 (Presencial \u2013 Profesorado\/Personal\/Administraci\u00f3n, Primaria)<br \/>\n\u2013 22 de enero de 2026 | 18:00\u201319:00 (Presencial \u2013 Toda la Comunidad, Primaria)<br \/>\n\u2013 26 de enero de 2026 | 18:00\u201319:00 (Virtual \u2013 Toda la Comunidad)<\/p>\n<p><em><strong>\u00bfNo puede asistir?<\/strong><\/em> Si no puede participar en uno de los foros, le animamos a completar nuestra breve Encuesta de B\u00fasqueda de Superintendente. Todos sus comentarios se mantendr\u00e1n confidenciales y se recopilar\u00e1n para el proceso de b\u00fasqueda de Superintendente.<br \/>\n<span style=\"color: #ffffff;\">.<\/span><\/p>\n<h2>Actualizaciones de la Junta Directiva<\/h2>\n<hr>\n<p>3\/16\/26 &#8211; <a href=\"https:\/\/www.paulcuffee.org\/wp-content\/uploads\/2026\/03\/Superintendent-Search-Update-031626.pdf\">Carta del Director de la Junta Directiva (ingl\u00e9s)<\/a><\/p>\n<p>2\/20\/26 \u2013 <a href=\"https:\/\/www.paulcuffee.org\/wp-content\/uploads\/2026\/02\/Superintendent-Candidate-Profile.pdf\">Perfil del Candidato a Superintendente<\/a><\/p>\n<p>2\/20\/26 \u2013 <a href=\"https:\/\/www.paulcuffee.org\/wp-content\/uploads\/2026\/02\/Superintendent-Search-Letter-022026.pdf\">Carta de la Junta Directiva a la Comunidad de Paul Cuffee<\/a><\/p>\n<p>&nbsp;<\/p>\n","protected":false},"excerpt":{"rendered":"<p>La Junta Directiva del Distrito Escolar Ch\u00e1rter Paul Cuffee ha iniciado la b\u00fasqueda de nuestro pr\u00f3ximo Superintendente y ha contratado al Grupo Consultor Educativo del Noreste para liderar este proceso. Como parte de esta importante labor, invitamos a los miembros<span class=\"ellipsis\">&hellip;<\/span><\/p>\n<div class=\"read-more\"><a href=\"https:\/\/www.paulcuffee.org\/es\/nosotros\/superintendente\/\">Leer m\u00e1s \u203a<\/a><\/div>\n<p><!-- end of .read-more --><\/p>\n","protected":false},"author":3,"featured_media":6512,"parent":6011,"menu_order":0,"comment_status":"closed","ping_status":"closed","template":"","meta":{"_acf_changed":false,"_monsterinsights_skip_tracking":false,"_monsterinsights_sitenote_active":false,"_monsterinsights_sitenote_note":"","_monsterinsights_sitenote_category":0,"ngg_post_thumbnail":0,"footnotes":""},"tags":[],"class_list":["post-16672","page","type-page","status-publish","has-post-thumbnail","hentry"],"acf":[],"_links":{"self":[{"href":"https:\/\/www.paulcuffee.org\/es\/wp-json\/wp\/v2\/pages\/16672","targetHints":{"allow":["GET"]}}],"collection":[{"href":"https:\/\/www.paulcuffee.org\/es\/wp-json\/wp\/v2\/pages"}],"about":[{"href":"https:\/\/www.paulcuffee.org\/es\/wp-json\/wp\/v2\/types\/page"}],"author":[{"embeddable":true,"href":"https:\/\/www.paulcuffee.org\/es\/wp-json\/wp\/v2\/users\/3"}],"replies":[{"embeddable":true,"href":"https:\/\/www.paulcuffee.org\/es\/wp-json\/wp\/v2\/comments?post=16672"}],"version-history":[{"count":0,"href":"https:\/\/www.paulcuffee.org\/es\/wp-json\/wp\/v2\/pages\/16672\/revisions"}],"up":[{"embeddable":true,"href":"https:\/\/www.paulcuffee.org\/es\/wp-json\/wp\/v2\/pages\/6011"}],"wp:featuredmedia":[{"embeddable":true,"href":"https:\/\/www.paulcuffee.org\/es\/wp-json\/wp\/v2\/media\/6512"}],"wp:attachment":[{"href":"https:\/\/www.paulcuffee.org\/es\/wp-json\/wp\/v2\/media?parent=16672"}],"wp:term":[{"taxonomy":"post_tag","embeddable":true,"href":"https:\/\/www.paulcuffee.org\/es\/wp-json\/wp\/v2\/tags?post=16672"}],"curies":[{"name":"wp","href":"https:\/\/api.w.org\/{rel}","templated":true}]}}