{"id":5320,"date":"2015-04-16T14:20:41","date_gmt":"2015-04-16T14:20:41","guid":{"rendered":"http:\/\/www.paulcuffee.org\/?page_id=5320"},"modified":"2023-01-13T04:06:41","modified_gmt":"2023-01-13T04:06:41","slug":"mision","status":"publish","type":"page","link":"https:\/\/www.paulcuffee.org\/es\/nosotros\/mision-historia\/mision\/","title":{"rendered":"Misi\u00f3n de la Escuela Paul Cuffee"},"content":{"rendered":"<p>La Escuela Paul Cuffee, una escuela aut\u00f3noma p\u00fablica de k\u00ednder a 12o grado de preferencia, educa a una comunidad diversa de estudiantes de Providence, Rhode Island. Respetamos a cada individuo y al mundo que compartimos. Esta cualidad de nuestra comunidad es central en nuestra misi\u00f3n.<\/p>\n<p>En el esp\u00edritu de la vida de Paul Cuffee, les ense\u00f1amos a los estudiantes a valorar y practicar la iniciativa personal, la perseverancia y la responsabilidad social. Nuestra escuela logra estas metas a trav\u00e9s de un riguroso programa acad\u00e9mico, el cual, enriquecido con experiencias mar\u00edtimas, fomenta el descubrimiento y el pensamiento cr\u00edtico. Preparamos a los estudiantes para la educaci\u00f3n superior, el aprendizaje continuo y la ciudadan\u00eda activa.<\/p>\n","protected":false},"excerpt":{"rendered":"<p>La Escuela Paul Cuffee, una escuela aut\u00f3noma p\u00fablica de k\u00ednder a 12o grado de preferencia, educa a una comunidad diversa de estudiantes de Providence, Rhode Island. Respetamos a cada individuo y al mundo que compartimos. Esta cualidad de nuestra comunidad<span class=\"ellipsis\">&hellip;<\/span><\/p>\n<div class=\"read-more\"><a href=\"https:\/\/www.paulcuffee.org\/es\/nosotros\/mision-historia\/mision\/\">Leer m\u00e1s \u203a<\/a><\/div>\n<p><!-- end of .read-more --><\/p>\n","protected":false},"author":3,"featured_media":12937,"parent":5317,"menu_order":0,"comment_status":"closed","ping_status":"open","template":"content-sidebar-page.php","meta":{"_acf_changed":false,"_monsterinsights_skip_tracking":false,"_monsterinsights_sitenote_active":false,"_monsterinsights_sitenote_note":"","_monsterinsights_sitenote_category":0,"ngg_post_thumbnail":0,"footnotes":""},"tags":[],"class_list":["post-5320","page","type-page","status-publish","has-post-thumbnail","hentry"],"acf":[],"_links":{"self":[{"href":"https:\/\/www.paulcuffee.org\/es\/wp-json\/wp\/v2\/pages\/5320","targetHints":{"allow":["GET"]}}],"collection":[{"href":"https:\/\/www.paulcuffee.org\/es\/wp-json\/wp\/v2\/pages"}],"about":[{"href":"https:\/\/www.paulcuffee.org\/es\/wp-json\/wp\/v2\/types\/page"}],"author":[{"embeddable":true,"href":"https:\/\/www.paulcuffee.org\/es\/wp-json\/wp\/v2\/users\/3"}],"replies":[{"embeddable":true,"href":"https:\/\/www.paulcuffee.org\/es\/wp-json\/wp\/v2\/comments?post=5320"}],"version-history":[{"count":0,"href":"https:\/\/www.paulcuffee.org\/es\/wp-json\/wp\/v2\/pages\/5320\/revisions"}],"up":[{"embeddable":true,"href":"https:\/\/www.paulcuffee.org\/es\/wp-json\/wp\/v2\/pages\/5317"}],"wp:featuredmedia":[{"embeddable":true,"href":"https:\/\/www.paulcuffee.org\/es\/wp-json\/wp\/v2\/media\/12937"}],"wp:attachment":[{"href":"https:\/\/www.paulcuffee.org\/es\/wp-json\/wp\/v2\/media?parent=5320"}],"wp:term":[{"taxonomy":"post_tag","embeddable":true,"href":"https:\/\/www.paulcuffee.org\/es\/wp-json\/wp\/v2\/tags?post=5320"}],"curies":[{"name":"wp","href":"https:\/\/api.w.org\/{rel}","templated":true}]}}