{"id":5328,"date":"2015-04-16T14:37:43","date_gmt":"2015-04-16T14:37:43","guid":{"rendered":"http:\/\/www.paulcuffee.org\/?page_id=5328"},"modified":"2025-08-14T14:54:51","modified_gmt":"2025-08-14T14:54:51","slug":"equipo-cuffee","status":"publish","type":"page","link":"https:\/\/www.paulcuffee.org\/es\/nosotros\/equipo-cuffee\/","title":{"rendered":"Conozca al Equipo Cuffee"},"content":{"rendered":"<p>El \u00e9xito de la Escuela Paul Cuffee es un esfuerzo de equipo entre maestros, administradores, personal de apoyo y miembros de la Junta Directiva, as\u00ed como los estudiantes, las familias y los amigos de la escuela.<\/p>\n<p>Al frente de las operaciones del d\u00eda a d\u00eda esta nuestro <a href=\"https:\/\/www.paulcuffee.org\/es\/nosotros\/equipo-cuffee\/equipo-administrativo\/\">equipo administrativo<\/a>: el Director General de la Escuela, que supervisa todos los grados y los directores de nuestra escuela primaria, intermedia y secundaria. <a href=\"https:\/\/www.paulcuffee.org\/es\/nosotros\/equipo-cuffee\/maestros-y-personal\/\">Los maestros y el personal<\/a> est\u00e1n comprometidos en educar a los estudiantes dentro y fuera del aula y asegurse que los procesos funcionen sin problemas. La <a href=\"https:\/\/www.paulcuffee.org\/es\/nosotros\/equipo-cuffee\/junta-directiva\/\">Junta Directiva<\/a>, nuestro principal \u00f3rgano de gobierno, supervisa y orienta la planificaci\u00f3n estrat\u00e9gica de la escuela.<\/p>\n","protected":false},"excerpt":{"rendered":"<p>El \u00e9xito de la Escuela Paul Cuffee es un esfuerzo de equipo entre maestros, administradores, personal de apoyo y miembros de la Junta Directiva, as\u00ed como los estudiantes, las familias y los amigos de la escuela. Al frente de las<span class=\"ellipsis\">&hellip;<\/span><\/p>\n<div class=\"read-more\"><a href=\"https:\/\/www.paulcuffee.org\/es\/nosotros\/equipo-cuffee\/\">Leer m\u00e1s \u203a<\/a><\/div>\n<p><!-- end of .read-more --><\/p>\n","protected":false},"author":3,"featured_media":12937,"parent":6011,"menu_order":0,"comment_status":"closed","ping_status":"closed","template":"","meta":{"_acf_changed":false,"_monsterinsights_skip_tracking":false,"_monsterinsights_sitenote_active":false,"_monsterinsights_sitenote_note":"","_monsterinsights_sitenote_category":0,"ngg_post_thumbnail":0,"footnotes":""},"tags":[],"class_list":["post-5328","page","type-page","status-publish","has-post-thumbnail","hentry"],"acf":[],"_links":{"self":[{"href":"https:\/\/www.paulcuffee.org\/es\/wp-json\/wp\/v2\/pages\/5328","targetHints":{"allow":["GET"]}}],"collection":[{"href":"https:\/\/www.paulcuffee.org\/es\/wp-json\/wp\/v2\/pages"}],"about":[{"href":"https:\/\/www.paulcuffee.org\/es\/wp-json\/wp\/v2\/types\/page"}],"author":[{"embeddable":true,"href":"https:\/\/www.paulcuffee.org\/es\/wp-json\/wp\/v2\/users\/3"}],"replies":[{"embeddable":true,"href":"https:\/\/www.paulcuffee.org\/es\/wp-json\/wp\/v2\/comments?post=5328"}],"version-history":[{"count":0,"href":"https:\/\/www.paulcuffee.org\/es\/wp-json\/wp\/v2\/pages\/5328\/revisions"}],"up":[{"embeddable":true,"href":"https:\/\/www.paulcuffee.org\/es\/wp-json\/wp\/v2\/pages\/6011"}],"wp:featuredmedia":[{"embeddable":true,"href":"https:\/\/www.paulcuffee.org\/es\/wp-json\/wp\/v2\/media\/12937"}],"wp:attachment":[{"href":"https:\/\/www.paulcuffee.org\/es\/wp-json\/wp\/v2\/media?parent=5328"}],"wp:term":[{"taxonomy":"post_tag","embeddable":true,"href":"https:\/\/www.paulcuffee.org\/es\/wp-json\/wp\/v2\/tags?post=5328"}],"curies":[{"name":"wp","href":"https:\/\/api.w.org\/{rel}","templated":true}]}}