{"id":5335,"date":"2015-04-16T14:57:58","date_gmt":"2015-04-16T14:57:58","guid":{"rendered":"http:\/\/www.paulcuffee.org\/?page_id=5335"},"modified":"2018-08-09T12:44:04","modified_gmt":"2018-08-09T12:44:04","slug":"fondo-anual","status":"publish","type":"page","link":"https:\/\/www.paulcuffee.org\/es\/apoyo\/fondo-anual\/","title":{"rendered":"El Fondo Anual de PCS: Sus Contribuciones Puestas a Buen Uso"},"content":{"rendered":"<p>En la Escuela Paul Cuffee, estamos arraigados en un sentido de responsabilidad unos con otros, con nuestra comunidad, y el mundo. El Fondo Anual refleja estos ideales. Cada a\u00f1o, la Junta Directiva, los maestros, el personal, las familias y nuestros amigos contribuyen financieramente\u00a0para apoyar los programas que la financiaci\u00f3n estatal y municipal por s\u00ed sola no puede cubrir. Estos programas incluyen el enriquecimiento acad\u00e9mico, as\u00ed como excursiones, nataci\u00f3n y navegaci\u00f3n, artes visuales y esc\u00e9nicas, deporte, los recursos tecnol\u00f3gicos y de la biblioteca, y mucho m\u00e1s.<\/p>\n<p>Este a\u00f1o nuestra meta es recaudar $100,000 a trav\u00e9s del Fondo Anual para asegurarnos de que nuestros estudiantes de tercer grado puedan recibir clases de nataci\u00f3n, que los estudiantes en riesgo de regresi\u00f3n o p\u00e9rdida de habilidades clave puedan participar en nuestra Academia de Verano durante los meses de verano, y que los estudiantes de la Escuela Superior pueden visitar una universidad. El fondo tambi\u00e9n se asegura de que nuestros profesores reciban capacitaci\u00f3n profesional y que todos los estudiantes tengan el apoyo acad\u00e9mico que necesitan para sobresalir en los ex\u00e1menes estandarizados y tener \u00e9xito en la escuela. La fecha l\u00edmite para la apelaci\u00f3n de este a\u00f1o es el 30 de junio de 2019 para asegurarnos de que estos y muchos otros programas puedan seguir operando.<\/p>\n<p>Su regalo, de\u00a0cualquier cantidad, tendr\u00e1 un impacto directo en la calidad de la experiencia de cada estudiante de la Escuela Paul Cuffee. Las corporaciones y fundaciones miran de cerca al n\u00famero de donantes de nuestra comunidad como medida clave para alocar subvenciones a nuestra escuela. Necesitamos la ayuda de todos para llegar a nuestra meta.<\/p>\n<h3><span style=\"text-decoration: underline;\"><a href=\"https:\/\/donations.paulcuffee.org\/donate-now\/\">Por favor contribuya al Fondo Anual de la Escuela\u00a0Paul Cuffee<\/a><\/span>.<\/h3>\n<p>\u00bfTiene preguntas o ideas? Por favor, p\u00f3ngase en contacto con Julia Karahalis al 401-453-2626 o jkarahalis@paulcuffee.org.<\/p>\n<p>&nbsp;<\/p>\n","protected":false},"excerpt":{"rendered":"<p>En la Escuela Paul Cuffee, estamos arraigados en un sentido de responsabilidad unos con otros, con nuestra comunidad, y el mundo. El Fondo Anual refleja estos ideales. Cada a\u00f1o, la Junta Directiva, los maestros, el personal, las familias y nuestros<span class=\"ellipsis\">&hellip;<\/span><\/p>\n<div class=\"read-more\"><a href=\"https:\/\/www.paulcuffee.org\/es\/apoyo\/fondo-anual\/\">Leer m\u00e1s \u203a<\/a><\/div>\n<p><!-- end of .read-more --><\/p>\n","protected":false},"author":3,"featured_media":8347,"parent":5407,"menu_order":0,"comment_status":"closed","ping_status":"closed","template":"","meta":{"_acf_changed":false,"_monsterinsights_skip_tracking":false,"_monsterinsights_sitenote_active":false,"_monsterinsights_sitenote_note":"","_monsterinsights_sitenote_category":0,"ngg_post_thumbnail":0,"footnotes":""},"tags":[],"class_list":["post-5335","page","type-page","status-publish","has-post-thumbnail","hentry"],"acf":[],"_links":{"self":[{"href":"https:\/\/www.paulcuffee.org\/es\/wp-json\/wp\/v2\/pages\/5335","targetHints":{"allow":["GET"]}}],"collection":[{"href":"https:\/\/www.paulcuffee.org\/es\/wp-json\/wp\/v2\/pages"}],"about":[{"href":"https:\/\/www.paulcuffee.org\/es\/wp-json\/wp\/v2\/types\/page"}],"author":[{"embeddable":true,"href":"https:\/\/www.paulcuffee.org\/es\/wp-json\/wp\/v2\/users\/3"}],"replies":[{"embeddable":true,"href":"https:\/\/www.paulcuffee.org\/es\/wp-json\/wp\/v2\/comments?post=5335"}],"version-history":[{"count":0,"href":"https:\/\/www.paulcuffee.org\/es\/wp-json\/wp\/v2\/pages\/5335\/revisions"}],"up":[{"embeddable":true,"href":"https:\/\/www.paulcuffee.org\/es\/wp-json\/wp\/v2\/pages\/5407"}],"wp:featuredmedia":[{"embeddable":true,"href":"https:\/\/www.paulcuffee.org\/es\/wp-json\/wp\/v2\/media\/8347"}],"wp:attachment":[{"href":"https:\/\/www.paulcuffee.org\/es\/wp-json\/wp\/v2\/media?parent=5335"}],"wp:term":[{"taxonomy":"post_tag","embeddable":true,"href":"https:\/\/www.paulcuffee.org\/es\/wp-json\/wp\/v2\/tags?post=5335"}],"curies":[{"name":"wp","href":"https:\/\/api.w.org\/{rel}","templated":true}]}}