{"id":5352,"date":"2015-04-27T13:25:45","date_gmt":"2015-04-27T13:25:45","guid":{"rendered":"http:\/\/www.paulcuffee.org\/?page_id=5352"},"modified":"2020-05-15T05:35:23","modified_gmt":"2020-05-15T05:35:23","slug":"asociacion-de-padres","status":"publish","type":"page","link":"https:\/\/www.paulcuffee.org\/es\/vida-escolar\/asociacion-de-padres\/","title":{"rendered":"La Asociaci\u00f3n de Padres, Cuidadores y Maestros"},"content":{"rendered":"<p>La Asociaci\u00f3n de Padres, Cuidadores y Maestros de PCS est\u00e1 abierta a todos los padres\/tutores de estudiantes que asisten a la Escuela Paul Cuffee. Nuestro objetivo es proveer&nbsp;oportunidades para que los padres:<\/p>\n<p><strong>Aprendan<\/strong> \u2013 Reciban informaci\u00f3n actualizada sobre los asuntos&nbsp;y decisiones que afectan la educaci\u00f3n de su hijo(a). El Director General de la escuela y los otros directores regularmente asisten a reuniones y presentan informaci\u00f3n pertinente a la educaci\u00f3n de su hijo(a) al igual que actualizaciones. Oradores invitados&nbsp;comparten informaci\u00f3n sobre temas pertinentes a la experiencia educativa de su hijo(a). Las reuniones tambi\u00e9n proveen informaci\u00f3n sobre las necesidades de voluntarios y otras oportunidades.<\/p>\n<p><strong>Compartan<\/strong> \u2013 Debemos trabajar juntos para que nuestros hijos tengan \u00e9xito. La Asociaci\u00f3n de Padres, Cuidadores y Maestros permite el intercambio de ideas para mejorar la experiencia educativa en la escuela. Usted puede ofrecer sugerencias para apoyar el trabajo del personal, as\u00ed como actividades que podemos planificar para los estudiantes. Si tiene alguna inquietud, comun\u00edquenosla, as\u00ed podremos abordarlas.<\/p>\n<p><strong>Sirvan<\/strong> &#8211; Usted puede hacer una gran diferencia sirviendo en nuestra comunidad escolar. PCS ofrece muchas oportunidades para ayudar como voluntario(a). Alguna de estas implican que usted este en la escuela durante el horario escolar, otras despu\u00e9s de escuela y por las noches, y otras desde la comodidad de su casa. Ya sea que lo sepa o no, usted tiene un talento, y nosotros podemos darle buen uso. \u00a1Venga y averig\u00fce c\u00f3mo puede contribuir!<\/p>\n<p>Para obtener m\u00e1s informaci\u00f3n acerca de la Asociaci\u00f3n de Padres, Cuidadores y Maestros de la Escuela Paul Cuffee, o para a\u00f1adir su nombre a la lista de distribuci\u00f3n por correo electr\u00f3nico de la Asociaci\u00f3n de Padres, Cuidadores y Maestros, m\u00e1nde un correo electr\u00f3nico a <a href=\"mailto:paulcuffeepa@gmail.com\">paulcuffeepa@gmail.com<\/a>.<\/p>\n<p><em>Nota:<\/em> La lista de distribuci\u00f3n de la Asociaci\u00f3n de Padres, Cuidadores y Maestros le permite recibir avisos sobre reuniones e informaci\u00f3n sobre los pr\u00f3ximos eventos y oportunidades de voluntariado. Su informaci\u00f3n no ser\u00e1 utilizada para ning\u00fan otro prop\u00f3sito.<\/p>\n<p>&nbsp;<\/p>\n","protected":false},"excerpt":{"rendered":"<p>La Asociaci\u00f3n de Padres, Cuidadores y Maestros de PCS est\u00e1 abierta a todos los padres\/tutores de estudiantes que asisten a la Escuela Paul Cuffee. Nuestro objetivo es proveer&nbsp;oportunidades para que los padres: Aprendan \u2013 Reciban informaci\u00f3n actualizada sobre los asuntos&nbsp;y<span class=\"ellipsis\">&hellip;<\/span><\/p>\n<div class=\"read-more\"><a href=\"https:\/\/www.paulcuffee.org\/es\/vida-escolar\/asociacion-de-padres\/\">Leer m\u00e1s \u203a<\/a><\/div>\n<p><!-- end of .read-more --><\/p>\n","protected":false},"author":3,"featured_media":10916,"parent":5344,"menu_order":0,"comment_status":"closed","ping_status":"closed","template":"","meta":{"_acf_changed":false,"_monsterinsights_skip_tracking":false,"_monsterinsights_sitenote_active":false,"_monsterinsights_sitenote_note":"","_monsterinsights_sitenote_category":0,"ngg_post_thumbnail":0,"footnotes":""},"tags":[],"class_list":["post-5352","page","type-page","status-publish","has-post-thumbnail","hentry"],"acf":[],"_links":{"self":[{"href":"https:\/\/www.paulcuffee.org\/es\/wp-json\/wp\/v2\/pages\/5352","targetHints":{"allow":["GET"]}}],"collection":[{"href":"https:\/\/www.paulcuffee.org\/es\/wp-json\/wp\/v2\/pages"}],"about":[{"href":"https:\/\/www.paulcuffee.org\/es\/wp-json\/wp\/v2\/types\/page"}],"author":[{"embeddable":true,"href":"https:\/\/www.paulcuffee.org\/es\/wp-json\/wp\/v2\/users\/3"}],"replies":[{"embeddable":true,"href":"https:\/\/www.paulcuffee.org\/es\/wp-json\/wp\/v2\/comments?post=5352"}],"version-history":[{"count":0,"href":"https:\/\/www.paulcuffee.org\/es\/wp-json\/wp\/v2\/pages\/5352\/revisions"}],"up":[{"embeddable":true,"href":"https:\/\/www.paulcuffee.org\/es\/wp-json\/wp\/v2\/pages\/5344"}],"wp:featuredmedia":[{"embeddable":true,"href":"https:\/\/www.paulcuffee.org\/es\/wp-json\/wp\/v2\/media\/10916"}],"wp:attachment":[{"href":"https:\/\/www.paulcuffee.org\/es\/wp-json\/wp\/v2\/media?parent=5352"}],"wp:term":[{"taxonomy":"post_tag","embeddable":true,"href":"https:\/\/www.paulcuffee.org\/es\/wp-json\/wp\/v2\/tags?post=5352"}],"curies":[{"name":"wp","href":"https:\/\/api.w.org\/{rel}","templated":true}]}}