{"id":5356,"date":"2015-04-27T13:34:29","date_gmt":"2015-04-27T13:34:29","guid":{"rendered":"http:\/\/www.paulcuffee.org\/?page_id=5356"},"modified":"2020-02-06T16:00:03","modified_gmt":"2020-02-06T16:00:03","slug":"enriquecimiento-k8","status":"publish","type":"page","link":"https:\/\/www.paulcuffee.org\/es\/vida-escolar\/extracurriculares\/enriquecimiento-k8\/","title":{"rendered":"Programas de Enriquecimiento para los Grados K-8"},"content":{"rendered":"<p>Los programas de enriquecimiento de PCS funcionan t\u00edpicamente entre&nbsp;6 y&nbsp;8 semanas y suelen hacerse en conjunto con organizaciones comunitarias. Para los grados K-8, estos programas requieren un cuota, y la cuota familiar se determina por una escala movible&nbsp;que decide si la familia puede recibir almuerzo gratis o a precio reducido.<\/p>\n<p>Las actividades de enriquecimiento var\u00edan a\u00f1o tras a\u00f1o e incluyen aprendizaje fuera de las instalaciones escolares al igual que clubes y clinicas deportivas. Algunos ejemplos incluyen clases de navegaci\u00f3n y nataci\u00f3n, el Programa de Exploraci\u00f3n de Save the Bay, el club de lectura, el club de matem\u00e1ticas, el club de ajedrez, el anuario, drama, y clases de como jugar f\u00fatbol y baloncesto, entre otros.<\/p>\n<p>Si un programa en particular atrae a m\u00e1s estudiantes de lo que podemos acomodar, los estudiantes son seleccionados a trav\u00e9s de un proceso de loter\u00eda. Detalles sobre la loter\u00eda y una explicaci\u00f3n del programa se env\u00edan a casa con los estudiantes en el preciso momento que se ofrece el programa.<\/p>\n<p>Para obtener m\u00e1s informaci\u00f3n, p\u00f3ngase en contacto con Catherine Edwards, Directora del Programa de Enriquecimiento, escribiendo a <a href=\"mailto:afterschoolclub@paulcuffee.org\">afterschoolclub@paulcuffee.org<\/a> o llamando al 401-453-2626.<\/p>\n","protected":false},"excerpt":{"rendered":"<p>Los programas de enriquecimiento de PCS funcionan t\u00edpicamente entre&nbsp;6 y&nbsp;8 semanas y suelen hacerse en conjunto con organizaciones comunitarias. Para los grados K-8, estos programas requieren un cuota, y la cuota familiar se determina por una escala movible&nbsp;que decide si<span class=\"ellipsis\">&hellip;<\/span><\/p>\n<div class=\"read-more\"><a href=\"https:\/\/www.paulcuffee.org\/es\/vida-escolar\/extracurriculares\/enriquecimiento-k8\/\">Leer m\u00e1s \u203a<\/a><\/div>\n<p><!-- end of .read-more --><\/p>\n","protected":false},"author":3,"featured_media":10076,"parent":5350,"menu_order":0,"comment_status":"closed","ping_status":"open","template":"","meta":{"_acf_changed":false,"_monsterinsights_skip_tracking":false,"_monsterinsights_sitenote_active":false,"_monsterinsights_sitenote_note":"","_monsterinsights_sitenote_category":0,"ngg_post_thumbnail":0,"footnotes":""},"tags":[],"class_list":["post-5356","page","type-page","status-publish","has-post-thumbnail","hentry"],"acf":[],"_links":{"self":[{"href":"https:\/\/www.paulcuffee.org\/es\/wp-json\/wp\/v2\/pages\/5356","targetHints":{"allow":["GET"]}}],"collection":[{"href":"https:\/\/www.paulcuffee.org\/es\/wp-json\/wp\/v2\/pages"}],"about":[{"href":"https:\/\/www.paulcuffee.org\/es\/wp-json\/wp\/v2\/types\/page"}],"author":[{"embeddable":true,"href":"https:\/\/www.paulcuffee.org\/es\/wp-json\/wp\/v2\/users\/3"}],"replies":[{"embeddable":true,"href":"https:\/\/www.paulcuffee.org\/es\/wp-json\/wp\/v2\/comments?post=5356"}],"version-history":[{"count":0,"href":"https:\/\/www.paulcuffee.org\/es\/wp-json\/wp\/v2\/pages\/5356\/revisions"}],"up":[{"embeddable":true,"href":"https:\/\/www.paulcuffee.org\/es\/wp-json\/wp\/v2\/pages\/5350"}],"wp:featuredmedia":[{"embeddable":true,"href":"https:\/\/www.paulcuffee.org\/es\/wp-json\/wp\/v2\/media\/10076"}],"wp:attachment":[{"href":"https:\/\/www.paulcuffee.org\/es\/wp-json\/wp\/v2\/media?parent=5356"}],"wp:term":[{"taxonomy":"post_tag","embeddable":true,"href":"https:\/\/www.paulcuffee.org\/es\/wp-json\/wp\/v2\/tags?post=5356"}],"curies":[{"name":"wp","href":"https:\/\/api.w.org\/{rel}","templated":true}]}}