{"id":5380,"date":"2015-04-27T14:25:36","date_gmt":"2015-04-27T14:25:36","guid":{"rendered":"http:\/\/www.paulcuffee.org\/?page_id=5380"},"modified":"2018-08-09T12:16:15","modified_gmt":"2018-08-09T12:16:15","slug":"articulos-de-interes","status":"publish","type":"page","link":"https:\/\/www.paulcuffee.org\/es\/noticias-eventos\/articulos-de-interes\/","title":{"rendered":"Art\u00edculos y Videos de Inter\u00e9s"},"content":{"rendered":"<p><a href=\"https:\/\/www.youtube.com\/watch?v=j4PApetiXdc\" target=\"_blank\" rel=\"noopener\">See it in Action\u2014The Developmental Designs Approach<\/a> &#8212;\u00a0Un video promocional sobre el\u00a0or\u00edgen de <em>Developmental Designs<\/em>\u00a0donde aparecen nuestros estudiantes de secundaria.<\/p>\n<p><a title=\"A Charter Celebration\" href=\"http:\/\/www.providencejournal.com\/opinion\/commentary\/20131116-david-c.-burnham-a-charter-celebration.ece\" target=\"_blank\" rel=\"noopener\">A Charter Celebration<\/a> &#8212; David C. Burnham celebra la historia y el \u00e9xito de la Escuela Paul Cuffee en un art\u00edculo publicado en el periodico <em>Providence Journal<\/em>.<\/p>\n<p><a href=\"https:\/\/sites.google.com\/site\/friendsoftallships\/e-magazine\" target=\"_blank\" rel=\"noopener\">Maritime Lessons for Academic and Life Learning<\/a>\u00a0&#8212;\u00a0Un art\u00edculo sobre la historia de la Escuela Paul Cuffee, la misi\u00f3n y el tema de aprendizaje mar\u00edtima aparece en \u00abFriends of Tall Shops Worldwide,\u00bb Edici\u00f3n\u00a01, 2013. (Descargue\u00a0el articulo\u00a0en la p\u00e1gina enlazada en el t\u00edtulo; vea\u00a0la p\u00e1gina 8 para una p\u00e1gina completa con fotos.)<\/p>\n<p><a href=\"http:\/\/www.edutopia.org\/blog\/bridging-the-new-digital-divide-lori-day\" target=\"_blank\" rel=\"noopener\">Bridging the Digital Divide<\/a>\u00a0&#8212; Michael Obel-Omia, ex director\u00a0de PCS redefine la \u00abdivision digital\u00bb en una discussion de tecnologia\u00a0con\u00a0Lori Day, una psicologa educativa\u00a0y colaboradora de\u00a0<em>Edutopia.org&#8217;s Technology Integration Blog<\/em>.<\/p>\n<p><a href=\"http:\/\/www.edutopia.org\/blog\/bridging-the-new-digital-divide-lori-day\" target=\"_blank\" rel=\"noopener\">The Worst Years of our Lives<\/a>\u00a0&#8212; La Escuela Intermedia de Paul Cuffee fue destacado\u00a0en\u00a0Slate Magazine. El articulo destaca\u00a0como nuestra escuela usa fielmente\u00a0la filosof\u00eda que enfatiza no s\u00f3lo un alto nivel acad\u00e9mico, sino tambi\u00e9n, e igualmente importante,\u00a0un enfoque\u00a0intenso en la vida social y emocional de nuestros estudiantes.<\/p>\n<p><a href=\"https:\/\/www.paulcuffee.org\/wp-content\/uploads\/2012\/12\/NSSSA_Leader.pdf\" target=\"_blank\" rel=\"noopener\">Teaching Creativity and Higher Order Thinking to Middle Schoolers<\/a>\u00a0&#8212; Un articulo por la ex-profesora de PCS\u00a0Ariana L. Wohl\u00a0en \u00abThe Leader\u00bb, la revista de\u00a0National Social Studies Supervisors Association (NSSA).<\/p>\n<p><a href=\"http:\/\/blog.boats.com\/2009\/04\/boat-design-day-at-paul-cuffee-school\/\" target=\"_blank\" rel=\"noopener\">Boat Design Day at Paul Cuffee School<\/a>\u00a0&#8212; John Burnham, juez de nuestro evento de Dise\u00f1o de Botes, describe este evento anual para Boats.com.<\/p>\n<p><a href=\"http:\/\/billharley.wordpress.com\/2009\/05\/22\/school-plays-process-or-product\/\" target=\"_blank\" rel=\"noopener\">School Plays\u2013Process or\u00a0Product?<\/a>\u00a0&#8212;\u00a0Ex-artista en residencia Bill Harley examina el proceso de producci\u00f3n de una obra\u00a0escolar.<\/p>\n<p><a href=\"http:\/\/www.iyrs.org\/Portals\/0\/PublicDocs\/IYRS_RQ_SUM07LoRes.pdf\" target=\"_blank\" rel=\"noopener\">Under Way at Paul Cuffee School<\/a>\u00a0&#8212; El plan de estudios inovador y con tema mar\u00edtima de PCS es explorado en esta edition de Restoration Quarterly (vea las paginas\u00a014-17).<\/p>\n<p>&nbsp;<\/p>\n","protected":false},"excerpt":{"rendered":"<p>See it in Action\u2014The Developmental Designs Approach &#8212;\u00a0Un video promocional sobre el\u00a0or\u00edgen de Developmental Designs\u00a0donde aparecen nuestros estudiantes de secundaria. A Charter Celebration &#8212; David C. Burnham celebra la historia y el \u00e9xito de la Escuela Paul Cuffee en un<span class=\"ellipsis\">&hellip;<\/span><\/p>\n<div class=\"read-more\"><a href=\"https:\/\/www.paulcuffee.org\/es\/noticias-eventos\/articulos-de-interes\/\">Leer m\u00e1s \u203a<\/a><\/div>\n<p><!-- end of .read-more --><\/p>\n","protected":false},"author":3,"featured_media":8392,"parent":5376,"menu_order":0,"comment_status":"closed","ping_status":"open","template":"","meta":{"_acf_changed":false,"_monsterinsights_skip_tracking":false,"_monsterinsights_sitenote_active":false,"_monsterinsights_sitenote_note":"","_monsterinsights_sitenote_category":0,"ngg_post_thumbnail":0,"footnotes":""},"tags":[],"class_list":["post-5380","page","type-page","status-publish","has-post-thumbnail","hentry"],"acf":[],"_links":{"self":[{"href":"https:\/\/www.paulcuffee.org\/es\/wp-json\/wp\/v2\/pages\/5380","targetHints":{"allow":["GET"]}}],"collection":[{"href":"https:\/\/www.paulcuffee.org\/es\/wp-json\/wp\/v2\/pages"}],"about":[{"href":"https:\/\/www.paulcuffee.org\/es\/wp-json\/wp\/v2\/types\/page"}],"author":[{"embeddable":true,"href":"https:\/\/www.paulcuffee.org\/es\/wp-json\/wp\/v2\/users\/3"}],"replies":[{"embeddable":true,"href":"https:\/\/www.paulcuffee.org\/es\/wp-json\/wp\/v2\/comments?post=5380"}],"version-history":[{"count":0,"href":"https:\/\/www.paulcuffee.org\/es\/wp-json\/wp\/v2\/pages\/5380\/revisions"}],"up":[{"embeddable":true,"href":"https:\/\/www.paulcuffee.org\/es\/wp-json\/wp\/v2\/pages\/5376"}],"wp:featuredmedia":[{"embeddable":true,"href":"https:\/\/www.paulcuffee.org\/es\/wp-json\/wp\/v2\/media\/8392"}],"wp:attachment":[{"href":"https:\/\/www.paulcuffee.org\/es\/wp-json\/wp\/v2\/media?parent=5380"}],"wp:term":[{"taxonomy":"post_tag","embeddable":true,"href":"https:\/\/www.paulcuffee.org\/es\/wp-json\/wp\/v2\/tags?post=5380"}],"curies":[{"name":"wp","href":"https:\/\/api.w.org\/{rel}","templated":true}]}}