{"id":5407,"date":"2015-08-18T12:36:26","date_gmt":"2015-08-18T12:36:26","guid":{"rendered":"http:\/\/www.paulcuffee.org\/?page_id=5407"},"modified":"2018-08-09T12:39:27","modified_gmt":"2018-08-09T12:39:27","slug":"apoyo","status":"publish","type":"page","link":"https:\/\/www.paulcuffee.org\/es\/apoyo\/","title":{"rendered":"Su Apoyo Hace la Diferencia"},"content":{"rendered":"<p>La recaudaci\u00f3n de fondos es esencial para que Paul Cuffee contin\u00fae siendo exitosa como una escuela particular p\u00fablica dedicada a crear y fomentar una comunidad que respeta a cada individuo y responde a las necesidades de los dem\u00e1s. La financiaci\u00f3n estatal y municipal por si sola no cubre el costo total de los gastos de una educaci\u00f3n singular como la que ofrecemos. Su apoyo nos permite ofrecer clases peque\u00f1as, apoyo individual y programas de enriquecimiento excepcional que nos permite preparar a los estudiantes para que tengan \u00e9xito en la universidad y m\u00e1s all\u00e1.<\/p>\n<p>Les invitamos a que conozca mas sobre el <span style=\"text-decoration: underline;\"><strong><a href=\"https:\/\/www.paulcuffee.org\/es\/por-que-apoyar-pcs\/\">por qu\u00e9 su apoyo es importante<\/a><\/strong><\/span>, las <span style=\"text-decoration: underline;\"><strong><a href=\"https:\/\/www.paulcuffee.org\/?p=6004\">diferentes maneras de apoyar<\/a><\/strong><\/span> que llenen sus intereses y preferencias, y como funciona nuestro <span style=\"text-decoration: underline;\"><strong><a href=\"https:\/\/www.paulcuffee.org\/?p=5335\">Fondo Anual<\/a><\/strong><\/span>.<\/p>\n<p>Si le gustar\u00eda saber m\u00e1s sobre lo que hace que la escuela Paul Cuffee sea especial, los programas que solo son posibles a trav\u00e9s de donaciones, o las maneras en la que usted puede apoyar nuestra misi\u00f3n, por favor con libertad cont\u00e1ctenos a:<\/p>\n<p>Escuela Paul Cuffee<br \/>\nOficina para el Desarrollo Institucional<br \/>\n459 Promenade St.<br \/>\nProvidence, RI 02908<br \/>\nTel.: 401-453-2626<br \/>\nFax: 401-453-4964<\/p>\n<p><strong>Julia Karahalis<\/strong><br \/>\nDirectora de Desarrollo Institucional<br \/>\n401-453-2626 x 118<br \/>\n<a href=\"mailto:mmonteiro@paulcuffee.org\">mmonteiro@paulcuffee.org<\/a><\/p>\n<p><strong>Dulibel Ure\u00f1a<\/strong><br \/>\nAsociada en Comunicaciones<br \/>\n401-453-2626 x 130<br \/>\n<a href=\"mailto:durena@paulcuffee.org\">durena@paulcuffee.org<\/a><\/p>\n<p><strong>Kathleen O\u2019Halloran<\/strong><br \/>\nAsociada de Desarrollo Institucional<br \/>\n401-453-2626 x 138<br \/>\n<a href=\"mailto:kohalloran@paulcuffee.org\">kohalloran@paulcuffee.org<\/a><\/p>\n<p>&nbsp;<\/p>\n","protected":false},"excerpt":{"rendered":"<p>La recaudaci\u00f3n de fondos es esencial para que Paul Cuffee contin\u00fae siendo exitosa como una escuela particular p\u00fablica dedicada a crear y fomentar una comunidad que respeta a cada individuo y responde a las necesidades de los dem\u00e1s. La financiaci\u00f3n<span class=\"ellipsis\">&hellip;<\/span><\/p>\n<div class=\"read-more\"><a href=\"https:\/\/www.paulcuffee.org\/es\/apoyo\/\">Leer m\u00e1s \u203a<\/a><\/div>\n<p><!-- end of .read-more --><\/p>\n","protected":false},"author":3,"featured_media":8347,"parent":0,"menu_order":0,"comment_status":"closed","ping_status":"closed","template":"","meta":{"_acf_changed":false,"_monsterinsights_skip_tracking":false,"_monsterinsights_sitenote_active":false,"_monsterinsights_sitenote_note":"","_monsterinsights_sitenote_category":0,"ngg_post_thumbnail":0,"footnotes":""},"tags":[],"class_list":["post-5407","page","type-page","status-publish","has-post-thumbnail","hentry"],"acf":[],"_links":{"self":[{"href":"https:\/\/www.paulcuffee.org\/es\/wp-json\/wp\/v2\/pages\/5407","targetHints":{"allow":["GET"]}}],"collection":[{"href":"https:\/\/www.paulcuffee.org\/es\/wp-json\/wp\/v2\/pages"}],"about":[{"href":"https:\/\/www.paulcuffee.org\/es\/wp-json\/wp\/v2\/types\/page"}],"author":[{"embeddable":true,"href":"https:\/\/www.paulcuffee.org\/es\/wp-json\/wp\/v2\/users\/3"}],"replies":[{"embeddable":true,"href":"https:\/\/www.paulcuffee.org\/es\/wp-json\/wp\/v2\/comments?post=5407"}],"version-history":[{"count":0,"href":"https:\/\/www.paulcuffee.org\/es\/wp-json\/wp\/v2\/pages\/5407\/revisions"}],"wp:featuredmedia":[{"embeddable":true,"href":"https:\/\/www.paulcuffee.org\/es\/wp-json\/wp\/v2\/media\/8347"}],"wp:attachment":[{"href":"https:\/\/www.paulcuffee.org\/es\/wp-json\/wp\/v2\/media?parent=5407"}],"wp:term":[{"taxonomy":"post_tag","embeddable":true,"href":"https:\/\/www.paulcuffee.org\/es\/wp-json\/wp\/v2\/tags?post=5407"}],"curies":[{"name":"wp","href":"https:\/\/api.w.org\/{rel}","templated":true}]}}