{"id":5950,"date":"2015-07-02T14:27:34","date_gmt":"2015-07-02T14:27:34","guid":{"rendered":"http:\/\/www.paulcuffee.org\/?page_id=5950"},"modified":"2023-10-16T17:22:38","modified_gmt":"2023-10-16T17:22:38","slug":"maestros-y-personal","status":"publish","type":"page","link":"https:\/\/www.paulcuffee.org\/es\/nosotros\/equipo-cuffee\/maestros-y-personal\/","title":{"rendered":"Nuestros Maestros y Personal de Apoyo"},"content":{"rendered":"<p><a name=\"top\"><\/a>La Escuela Paul Cuffee cuenta con m\u00e1s de 50 maestros titulados que trabajan a tiempo completo, as\u00ed como educadores especiales, consejeros, maestros que ense\u00f1an despu\u00e9s de la escuela, asistentes de maestro, y otro personal de ense\u00f1anza, de salud y administrativo. Nosotros contratamos maestros y personal altamente calificado que:<\/p>\n<ul>\n<li>Contribuyen a nuestra fuerte cultura escolar de respeto mutuo<\/li>\n<li>Comparten nuestro compromiso con la educaci\u00f3n inclusiva<\/li>\n<li>Diferencian la instrucci\u00f3n para involucrar a los estudiantes de todos los niveles de aprendizaje<\/li>\n<li>Consistentemente facilitan el alto nivel de las normas de&nbsp;PCS&nbsp;para el logro y comportamiento del estudiante<\/li>\n<\/ul>\n<h2>Directorio&nbsp;de Maestros y Personal de Apoyo<\/h2>\n<p><a href=\"https:\/\/www.paulcuffee.org\/es\/directorio\/\">Presione aqu\u00ed<\/a>&nbsp;para ver nuestro directorio de maestros y personal de apoyo.<\/p>\n","protected":false},"excerpt":{"rendered":"<p>La Escuela Paul Cuffee cuenta con m\u00e1s de 50 maestros titulados que trabajan a tiempo completo, as\u00ed como educadores especiales, consejeros, maestros que ense\u00f1an despu\u00e9s de la escuela, asistentes de maestro, y otro personal de ense\u00f1anza, de salud y administrativo.<span class=\"ellipsis\">&hellip;<\/span><\/p>\n<div class=\"read-more\"><a href=\"https:\/\/www.paulcuffee.org\/es\/nosotros\/equipo-cuffee\/maestros-y-personal\/\">Leer m\u00e1s \u203a<\/a><\/div>\n<p><!-- end of .read-more --><\/p>\n","protected":false},"author":3,"featured_media":12937,"parent":5328,"menu_order":0,"comment_status":"closed","ping_status":"closed","template":"","meta":{"_acf_changed":false,"_monsterinsights_skip_tracking":false,"_monsterinsights_sitenote_active":false,"_monsterinsights_sitenote_note":"","_monsterinsights_sitenote_category":0,"ngg_post_thumbnail":0,"footnotes":""},"tags":[],"class_list":["post-5950","page","type-page","status-publish","has-post-thumbnail","hentry"],"acf":[],"_links":{"self":[{"href":"https:\/\/www.paulcuffee.org\/es\/wp-json\/wp\/v2\/pages\/5950","targetHints":{"allow":["GET"]}}],"collection":[{"href":"https:\/\/www.paulcuffee.org\/es\/wp-json\/wp\/v2\/pages"}],"about":[{"href":"https:\/\/www.paulcuffee.org\/es\/wp-json\/wp\/v2\/types\/page"}],"author":[{"embeddable":true,"href":"https:\/\/www.paulcuffee.org\/es\/wp-json\/wp\/v2\/users\/3"}],"replies":[{"embeddable":true,"href":"https:\/\/www.paulcuffee.org\/es\/wp-json\/wp\/v2\/comments?post=5950"}],"version-history":[{"count":0,"href":"https:\/\/www.paulcuffee.org\/es\/wp-json\/wp\/v2\/pages\/5950\/revisions"}],"up":[{"embeddable":true,"href":"https:\/\/www.paulcuffee.org\/es\/wp-json\/wp\/v2\/pages\/5328"}],"wp:featuredmedia":[{"embeddable":true,"href":"https:\/\/www.paulcuffee.org\/es\/wp-json\/wp\/v2\/media\/12937"}],"wp:attachment":[{"href":"https:\/\/www.paulcuffee.org\/es\/wp-json\/wp\/v2\/media?parent=5950"}],"wp:term":[{"taxonomy":"post_tag","embeddable":true,"href":"https:\/\/www.paulcuffee.org\/es\/wp-json\/wp\/v2\/tags?post=5950"}],"curies":[{"name":"wp","href":"https:\/\/api.w.org\/{rel}","templated":true}]}}