{"id":5952,"date":"2015-07-02T15:03:09","date_gmt":"2015-07-02T15:03:09","guid":{"rendered":"http:\/\/www.paulcuffee.org\/?page_id=5952"},"modified":"2026-03-17T17:30:28","modified_gmt":"2026-03-17T17:30:28","slug":"junta-directiva","status":"publish","type":"page","link":"https:\/\/www.paulcuffee.org\/es\/nosotros\/equipo-cuffee\/junta-directiva\/","title":{"rendered":"La Junta Directiva"},"content":{"rendered":"<p>La direcci\u00f3n de la Junta Directiva es esencial para el \u00e9xito de la Escuela Paul Cuffee. Mientras que los asuntos del d\u00eda con d\u00eda son responsabilidad del Director General de la Escuela y los tres directores de las otras escuelas, la Junta Directiva es el \u00f3rgano rector principal de la escuela. La Junta Directiva consiste de padres, maestros, miembros de la comunidad, y descendientes de Paul Cuffee. Se re\u00fanen seis veces al a\u00f1o para supervisar la planificaci\u00f3n estrat\u00e9gica a largo plazo, preparaci\u00f3n para expansi\u00f3n y crecimiento, y apoyo financiero de la escuela.<\/p>\n<h2>Miembros de la Junta Directiva 2025-26<\/h2>\n<p><strong>Oficiales:<\/strong><br \/>\nKevin Briggs, <em>Presidente<\/em><br \/>\nBrian Gagnon, <em>Vice Presidente<\/em><br \/>\nBabak Taleghani,<em> Tesorero<br \/>\n<\/em><\/p>\n<p><strong>Members:<\/strong><br \/>\nSu Almeida (descendiente)<br \/>\nAshley Laferriere<br \/>\nJason King<br \/>\nSylvia Mburu<br \/>\nTia McElroy<\/p>\n","protected":false},"excerpt":{"rendered":"<p>La direcci\u00f3n de la Junta Directiva es esencial para el \u00e9xito de la Escuela Paul Cuffee. Mientras que los asuntos del d\u00eda con d\u00eda son responsabilidad del Director General de la Escuela y los tres directores de las otras escuelas,<span class=\"ellipsis\">&hellip;<\/span><\/p>\n<div class=\"read-more\"><a href=\"https:\/\/www.paulcuffee.org\/es\/nosotros\/equipo-cuffee\/junta-directiva\/\">Leer m\u00e1s \u203a<\/a><\/div>\n<p><!-- end of .read-more --><\/p>\n","protected":false},"author":3,"featured_media":12937,"parent":5328,"menu_order":0,"comment_status":"closed","ping_status":"closed","template":"","meta":{"_acf_changed":false,"_monsterinsights_skip_tracking":false,"_monsterinsights_sitenote_active":false,"_monsterinsights_sitenote_note":"","_monsterinsights_sitenote_category":0,"ngg_post_thumbnail":0,"footnotes":""},"tags":[],"class_list":["post-5952","page","type-page","status-publish","has-post-thumbnail","hentry"],"acf":[],"_links":{"self":[{"href":"https:\/\/www.paulcuffee.org\/es\/wp-json\/wp\/v2\/pages\/5952","targetHints":{"allow":["GET"]}}],"collection":[{"href":"https:\/\/www.paulcuffee.org\/es\/wp-json\/wp\/v2\/pages"}],"about":[{"href":"https:\/\/www.paulcuffee.org\/es\/wp-json\/wp\/v2\/types\/page"}],"author":[{"embeddable":true,"href":"https:\/\/www.paulcuffee.org\/es\/wp-json\/wp\/v2\/users\/3"}],"replies":[{"embeddable":true,"href":"https:\/\/www.paulcuffee.org\/es\/wp-json\/wp\/v2\/comments?post=5952"}],"version-history":[{"count":0,"href":"https:\/\/www.paulcuffee.org\/es\/wp-json\/wp\/v2\/pages\/5952\/revisions"}],"up":[{"embeddable":true,"href":"https:\/\/www.paulcuffee.org\/es\/wp-json\/wp\/v2\/pages\/5328"}],"wp:featuredmedia":[{"embeddable":true,"href":"https:\/\/www.paulcuffee.org\/es\/wp-json\/wp\/v2\/media\/12937"}],"wp:attachment":[{"href":"https:\/\/www.paulcuffee.org\/es\/wp-json\/wp\/v2\/media?parent=5952"}],"wp:term":[{"taxonomy":"post_tag","embeddable":true,"href":"https:\/\/www.paulcuffee.org\/es\/wp-json\/wp\/v2\/tags?post=5952"}],"curies":[{"name":"wp","href":"https:\/\/api.w.org\/{rel}","templated":true}]}}