{"id":5979,"date":"2015-08-07T16:02:47","date_gmt":"2015-08-07T16:02:47","guid":{"rendered":"http:\/\/www.paulcuffee.org\/?page_id=5979"},"modified":"2023-10-17T13:14:35","modified_gmt":"2023-10-17T13:14:35","slug":"escuela-elemental","status":"publish","type":"page","link":"https:\/\/www.paulcuffee.org\/es\/ensenanza-y-aprendizaje\/escuela-elemental\/","title":{"rendered":"Ense\u00f1anza y Aprendizaje en la Escuela Elemental (Grados K-5)"},"content":{"rendered":"<p>La Escuela Elemental Paul Cuffee usa una filosof\u00eda de aprendizaje pr\u00e1ctico centrada en el estudiante. Debido a que tenemos clases peque\u00f1as, los maestros y los estudiantes tienen la oportunidad de trabajar juntos y los estudiantes f\u00e1cilmente pueden aprender a cuidar de s\u00ed mismos, unos a otros, su escuela y su planeta.<\/p>\n<p>Ofrecemos un ambiente de aprendizaje que es estimulante, enriquecedor y atractivo, donde los estudiantes crecen y prosperan. Nuestros maestros se comprometen en&nbsp;determinar c\u00f3mo cada ni\u00f1o aprende y crece, ofreciendo&nbsp;la instrucci\u00f3n y el apoyo que le ayudar\u00e1 a cada ni\u00f1o a tener \u00e9xito. Los estudiantes aqu\u00ed son cuidados, respetados y tratados como individuos&nbsp;singulares.<\/p>\n<p>Adem\u00e1s de lo acad\u00e9mico, nos centramos en desarrollar y modelar conocimientos b\u00e1sicos como la responsabilidad social y la iniciativa personal. Valoramos la creatividad y la innovaci\u00f3n de todos los interesados. Las familias son tratadas como socios en el proceso educativo y su retroalimentaci\u00f3n es bienvenida.<\/p>\n<p>El <a title=\"Lower School Curriculum\" href=\"https:\/\/www.paulcuffee.org\/es\/ensenanza-y-aprendizaje\/escuela-elemental\/plan-de-estudios\">plan de estudios<\/a> y <a title=\"Lower School Grading\" href=\"https:\/\/www.paulcuffee.org\/es\/ensenanza-y-aprendizaje\/escuela-elemental\/calificaciones\">calificaciones<\/a> en la Escuela Elemental est\u00e1n dise\u00f1ados para ayudar a los estudiantes a tener \u00e9xito en el cumplimiento de los est\u00e1ndares del estado y nuestra escuela.<\/p>\n<p>&nbsp;<\/p>\n","protected":false},"excerpt":{"rendered":"<p>La Escuela Elemental Paul Cuffee usa una filosof\u00eda de aprendizaje pr\u00e1ctico centrada en el estudiante. Debido a que tenemos clases peque\u00f1as, los maestros y los estudiantes tienen la oportunidad de trabajar juntos y los estudiantes f\u00e1cilmente pueden aprender a cuidar<span class=\"ellipsis\">&hellip;<\/span><\/p>\n<div class=\"read-more\"><a href=\"https:\/\/www.paulcuffee.org\/es\/ensenanza-y-aprendizaje\/escuela-elemental\/\">Leer m\u00e1s \u203a<\/a><\/div>\n<p><!-- end of .read-more --><\/p>\n","protected":false},"author":3,"featured_media":12126,"parent":5986,"menu_order":0,"comment_status":"closed","ping_status":"closed","template":"","meta":{"_acf_changed":false,"_monsterinsights_skip_tracking":false,"_monsterinsights_sitenote_active":false,"_monsterinsights_sitenote_note":"","_monsterinsights_sitenote_category":0,"ngg_post_thumbnail":0,"footnotes":""},"tags":[],"class_list":["post-5979","page","type-page","status-publish","has-post-thumbnail","hentry"],"acf":[],"_links":{"self":[{"href":"https:\/\/www.paulcuffee.org\/es\/wp-json\/wp\/v2\/pages\/5979","targetHints":{"allow":["GET"]}}],"collection":[{"href":"https:\/\/www.paulcuffee.org\/es\/wp-json\/wp\/v2\/pages"}],"about":[{"href":"https:\/\/www.paulcuffee.org\/es\/wp-json\/wp\/v2\/types\/page"}],"author":[{"embeddable":true,"href":"https:\/\/www.paulcuffee.org\/es\/wp-json\/wp\/v2\/users\/3"}],"replies":[{"embeddable":true,"href":"https:\/\/www.paulcuffee.org\/es\/wp-json\/wp\/v2\/comments?post=5979"}],"version-history":[{"count":0,"href":"https:\/\/www.paulcuffee.org\/es\/wp-json\/wp\/v2\/pages\/5979\/revisions"}],"up":[{"embeddable":true,"href":"https:\/\/www.paulcuffee.org\/es\/wp-json\/wp\/v2\/pages\/5986"}],"wp:featuredmedia":[{"embeddable":true,"href":"https:\/\/www.paulcuffee.org\/es\/wp-json\/wp\/v2\/media\/12126"}],"wp:attachment":[{"href":"https:\/\/www.paulcuffee.org\/es\/wp-json\/wp\/v2\/media?parent=5979"}],"wp:term":[{"taxonomy":"post_tag","embeddable":true,"href":"https:\/\/www.paulcuffee.org\/es\/wp-json\/wp\/v2\/tags?post=5979"}],"curies":[{"name":"wp","href":"https:\/\/api.w.org\/{rel}","templated":true}]}}