{"id":5980,"date":"2015-08-10T19:50:55","date_gmt":"2015-08-10T19:50:55","guid":{"rendered":"http:\/\/www.paulcuffee.org\/?page_id=5980"},"modified":"2023-10-12T03:27:04","modified_gmt":"2023-10-12T03:27:04","slug":"plan-de-estudios","status":"publish","type":"page","link":"https:\/\/www.paulcuffee.org\/es\/ensenanza-y-aprendizaje\/escuela-elemental\/plan-de-estudios\/","title":{"rendered":"Plan de Estudios de la Escuela Elemental"},"content":{"rendered":"<p>Nuestro plan de estudios hace \u00e9nfasis en las artes ling\u00fc\u00edsticas (lectura, escritura, comprensi\u00f3n auditiva y expresi\u00f3n oral), matem\u00e1ticas, ciencias, estudios sociales y las artes. Nuestros maestros ayudan a los estudiantes a edificar sobre sus \u00e9xitos diario al fomentar la persistencia y autodeterminaci\u00f3n. Los <a title=\"Common Core Standards\" href=\"http:\/\/www.ride.ri.gov\/Portals\/0\/Uploads\/Documents\/Instruction-and-Assessment-World-Class-Standards\/Transition\/RI_CCSS_Bookmark-Parents-Espanol.pdf\" target=\"_blank\" rel=\"noopener noreferrer\">Est\u00e1ndares Principales Comunes del Estado<\/a> del estado gu\u00edan lo que ense\u00f1amos a trav\u00e9s de los materiales curriculares de alta calidad que hemos adoptado. Los maestros adaptan la instrucci\u00f3n para satisfacer las necesidades de nuestros estudiantes. Los datos recogidos a travez de las evaluaciones, el trabajo de los estudiantes y las observaciones de los maestros se utilizan para informar la instrucci\u00f3n y ayudar a los estudiantes a alcanzar los puntos de referencia de su nivel de grado.&nbsp;<\/p>\n<h2>Alfabetizaci\u00f3n \/ Artes Ling\u00fc\u00edsticas<\/h2>\n<p>El plan de estudios de alfabetizaci\u00f3n de la Escuela Elemental de Paul Cuffee se basa en la ciencia de la lectura el cual incluye 5 componentes: conciencia fon\u00e9mica, fon\u00e9tica, desarrollo de vocabulario, fluidez y comprensi\u00f3n. \u00abNuestro plan de estudios genera un conocimiento profundo mediante el uso de textos aut\u00e9nticos y ricos en contenido sobre temas del mundo real en estudios sociales, STEM y literatura. Los estudiantes aprovechan su aprendizaje de la justicia social y la gesti\u00f3n ambiental mientras desarrollan h\u00e1bitos de car\u00e1cter que les ayudan a contribuir a un mundo mejor\u00bb (<a href=\"https:\/\/eleducation.org\">EL Education<\/a>).<\/p>\n<p>Los grados K-3 ense\u00f1an habilidades fundamentales de lectura utilizando el plan de estudios <a href=\"https:\/\/www.wilsonlanguage.com\/programs\/fundations\/\">Foundations<\/a> <em>(Fundaciones)<\/em>. Los grados K-5 brindan instrucci\u00f3n en artes del lenguaje ingl\u00e9s a trav\u00e9s del plan de estudios <a href=\"https:\/\/eleducation.org\">EL Education<\/a> <em>(Educaci\u00f3n EL). <\/em>Todos los estudiantes practican sus habilidades de ELA con el programa MyLexia, una aplicaci\u00f3n adaptativa que brinda a los estudiantes el refuerzo que necesitan para dominar sus habilidades de lectura.<\/p>\n<h2>Matem\u00e1ticas<\/h2>\n<p>El plan de estudios de matem\u00e1ticas de la Escuela Elemental de Paul Cuffee, <a href=\"https:\/\/greatminds.org\/math\/eurekamath\">Eureka Math<\/a>, le permite a los estudiantes obtener una comprensi\u00f3n m\u00e1s profunda de conceptos matem\u00e1ticos clave que se superponen con el tiempo. Cada lecci\u00f3n del plan de estudios incluye fluidez, resoluci\u00f3n de problemas, desarrollo de conceptos, pr\u00e1ctica independiente y un informe. Los estudiantes utilizan los mismos modelos y m\u00e9todos de resoluci\u00f3n de problemas de un grado a otro, permiti\u00e9ndoles solidificar sus conocimientos matem\u00e1ticos. Los estudiantes aprenden a perseverar, participar en luchas productivas, pensar cr\u00edticamente, elaborar estrategias y participar en un rico discurso matem\u00e1tico. Los estudiantes tienen la oportunidad de practicar sus habilidades de forma colaborativa e independiente utilizando manipulativos y otras herramientas.<\/p>\n<h2>Ciencias y Estudios Sociales<\/h2>\n<p>En ciencias, utilizamos el plan de estudios <a href=\"https:\/\/web.uri.edu\/gemsnet\/\">GEMSnet<\/a>, que se basa en kits de Full Option Science System (FOSS) y en asociaci\u00f3n con la Universidad de Rhode Island. Estos kits brindan acceso f\u00e1cil a los materiales necesarios para ense\u00f1ar las ciencias a trav\u00e9s de un enfoque basado en la investigaci\u00f3n. Los cuadernos de ciencias se utilizan para documentar el aprendizaje y el pensamiento cient\u00edfico del estudiante.<\/p>\n<p>A trav\u00e9s de nuestro programa de estudios sociales, los estudiantes desarrollan conocimiento sobre su comunidad y el rol que han de jugar en \u00e9l. Kindergarten y primer grado se enfocan en la escuela y la comunidad local. Para cuando sea tiempo que los de quinto grado entren a la escuela intermedia ya saben sobre su ciudad, estado, pa\u00eds y el mundo. A todos los estudiantes tambi\u00e9n se les ense\u00f1a la historia y la importancia de <a title=\"Paul Cuffee (1759-1817)\" href=\"https:\/\/www.paulcuffee.org\/es\/dedicados-a-proveer-una-educacion-de-excelencia\/paul-cuffee-1759-1817\/\">Paul Cuffee<\/a> y nuestros estudiantes tienen el reto de vivir de acuerdo a esos ideales.<\/p>\n<h2>Especiales<\/h2>\n<p>Los estudiantes de K\u00edndergarten a 5\u00ba grado participan en materias de \u00e1reas especiales como las artes visuales, las artes integradas (m\u00fasica, teatro y baile), educaci\u00f3n f\u00edsica y estudios de medios bibliotecarios.<\/p>\n<p>&nbsp;<\/p>\n","protected":false},"excerpt":{"rendered":"<p>Nuestro plan de estudios hace \u00e9nfasis en las artes ling\u00fc\u00edsticas (lectura, escritura, comprensi\u00f3n auditiva y expresi\u00f3n oral), matem\u00e1ticas, ciencias, estudios sociales y las artes. Nuestros maestros ayudan a los estudiantes a edificar sobre sus \u00e9xitos diario al fomentar la persistencia<span class=\"ellipsis\">&hellip;<\/span><\/p>\n<div class=\"read-more\"><a href=\"https:\/\/www.paulcuffee.org\/es\/ensenanza-y-aprendizaje\/escuela-elemental\/plan-de-estudios\/\">Leer m\u00e1s \u203a<\/a><\/div>\n<p><!-- end of .read-more --><\/p>\n","protected":false},"author":3,"featured_media":9970,"parent":5979,"menu_order":0,"comment_status":"closed","ping_status":"closed","template":"","meta":{"_acf_changed":false,"_monsterinsights_skip_tracking":false,"_monsterinsights_sitenote_active":false,"_monsterinsights_sitenote_note":"","_monsterinsights_sitenote_category":0,"ngg_post_thumbnail":0,"footnotes":""},"tags":[],"class_list":["post-5980","page","type-page","status-publish","has-post-thumbnail","hentry"],"acf":[],"_links":{"self":[{"href":"https:\/\/www.paulcuffee.org\/es\/wp-json\/wp\/v2\/pages\/5980","targetHints":{"allow":["GET"]}}],"collection":[{"href":"https:\/\/www.paulcuffee.org\/es\/wp-json\/wp\/v2\/pages"}],"about":[{"href":"https:\/\/www.paulcuffee.org\/es\/wp-json\/wp\/v2\/types\/page"}],"author":[{"embeddable":true,"href":"https:\/\/www.paulcuffee.org\/es\/wp-json\/wp\/v2\/users\/3"}],"replies":[{"embeddable":true,"href":"https:\/\/www.paulcuffee.org\/es\/wp-json\/wp\/v2\/comments?post=5980"}],"version-history":[{"count":0,"href":"https:\/\/www.paulcuffee.org\/es\/wp-json\/wp\/v2\/pages\/5980\/revisions"}],"up":[{"embeddable":true,"href":"https:\/\/www.paulcuffee.org\/es\/wp-json\/wp\/v2\/pages\/5979"}],"wp:featuredmedia":[{"embeddable":true,"href":"https:\/\/www.paulcuffee.org\/es\/wp-json\/wp\/v2\/media\/9970"}],"wp:attachment":[{"href":"https:\/\/www.paulcuffee.org\/es\/wp-json\/wp\/v2\/media?parent=5980"}],"wp:term":[{"taxonomy":"post_tag","embeddable":true,"href":"https:\/\/www.paulcuffee.org\/es\/wp-json\/wp\/v2\/tags?post=5980"}],"curies":[{"name":"wp","href":"https:\/\/api.w.org\/{rel}","templated":true}]}}