{"id":5990,"date":"2015-08-10T19:57:08","date_gmt":"2015-08-10T19:57:08","guid":{"rendered":"http:\/\/www.paulcuffee.org\/?page_id=5990"},"modified":"2023-08-09T04:17:34","modified_gmt":"2023-08-09T04:17:34","slug":"plan-de-estudios","status":"publish","type":"page","link":"https:\/\/www.paulcuffee.org\/es\/ensenanza-y-aprendizaje\/escuela-superior\/plan-de-estudios\/","title":{"rendered":"Curr\u00edculo de la Escuela Superior"},"content":{"rendered":"<p>Utilizamos los <a href=\"https:\/\/ride.ri.gov\/instruction-assessment\/content-standards\">est\u00e1ndares identificados por el Departamento de Educaci\u00f3n de Rhode Island<\/a>, as\u00ed como el marco de <a href=\"https:\/\/originsonline.org\/approach\/developmental-designs-for-high-school\/\">\u00abDevelopmental Design\u00bb <em>(Dise\u00f1os de Desarrollo)<\/em><\/a>, como la base de nuestro trabajo. Cada a\u00f1o, los alumnos toman por lo menos 6 cursos que est\u00e1n alineados con los est\u00e1ndares estatales y nacionales y fomentan el pensamiento cr\u00edtico, la resoluci\u00f3n de problemas y la aplicaci\u00f3n en el mundo real. La mayor\u00eda de los estudiantes tomar\u00e1n cursos de matem\u00e1ticas, ingl\u00e9s, historia, ciencias y educaci\u00f3n f\u00edsica cada a\u00f1o. Todos los cursos se centran en el alumno, el aprendizaje basado en la investigaci\u00f3n donde los estudiantes adquieren conocimientos, formulan&nbsp;preguntas y encuentran respuestas por s\u00ed mismos. Adem\u00e1s, a los estudiantes se les ofrece una variedad de cursos opcionales, incluyendo las artes visuales y esc\u00e9nicas, espa\u00f1ol, preparaci\u00f3n para la universidad, cursos avanzados AP, y apoyo en matem\u00e1ticas y alfabetizaci\u00f3n.&nbsp;<\/p>\n<h2>Artes del lenguaje ingles<\/h2>\n<p>Utilizamos el <a href=\"https:\/\/www.odelleducation.com\/curriculum\/\">plan de estudios de ingl\u00e9s de Odell<\/a> como base para nuestros cursos del lenguaje ingl\u00e9s. El enfoque de este plan de estudios es proveerle a los estudiantes las habilidades que necesitan para leer profundamente, recopilar evidencia y luego crear afirmaciones basadas en evidencia.<\/p>\n<h2>Las ciencias<\/h2>\n<p>Nuestro plan de estudios de ciencias en todos los cursos se basa en la investigaci\u00f3n y utilizamos una variedad de diferentes recursos curriculares para apoyar la instrucci\u00f3n de ciencias. Nuestros cursos b\u00e1sicos de ciencias incluyen biolog\u00eda, qu\u00edmica y f\u00edsica.<\/p>\n<h2>Las matem\u00e1ticas<\/h2>\n<p>Utilizamos <a href=\"https:\/\/www.savvas.com\/index.cfm?locator=PSZu6e\">el plan de estudios de matem\u00e1ticas de enVision<\/a> como base para nuestros cursos de matem\u00e1ticas. El plan de estudios adopta un enfoque basado en problemas, que le pide a los estudiantes que piensen cr\u00edticamente sobre las tareas matem\u00e1ticas que son aplicables en el mundo real.<\/p>\n<h2>La historia<\/h2>\n<p>Nuestro plan de estudios de historia est\u00e1 alineado con <a href=\"https:\/\/ride.ri.gov\/instruction-assessment\/social-studies\">los est\u00e1ndares de estudios sociales de Rhode Island<\/a> y hace \u00e9nfasis en aprender acerca de la historia de las poblaciones y comunidades que no siempre han estado representadas en la instrucci\u00f3n t\u00edpica de historia. La mayor\u00eda de los estudiantes de la Escuela Superior de Paul Cuffee toman historia mundial, dos cursos en Historia de los Estados Unidos e Historia de la Identidad, que incluye elementos de filosof\u00eda y sociolog\u00eda. La educaci\u00f3n c\u00edvica est\u00e1 integrada en nuestros dos cursos de historia de los Estados Unidos.<\/p>\n<h2>Cursos opcionales<\/h2>\n<p>Los estudiantes tienen cada a\u00f1o la opci\u00f3n de tomar cursos opcionales que incluyen espa\u00f1ol, las artes visuales y esc\u00e9nicas, preparaci\u00f3n para la universidad, cursos avanzados AP y apoyo en matem\u00e1ticas y alfabetizaci\u00f3n, entre otros.<\/p>\n<p>&nbsp;<\/p>\n","protected":false},"excerpt":{"rendered":"<p>Utilizamos los est\u00e1ndares identificados por el Departamento de Educaci\u00f3n de Rhode Island, as\u00ed como el marco de \u00abDevelopmental Design\u00bb (Dise\u00f1os de Desarrollo), como la base de nuestro trabajo. Cada a\u00f1o, los alumnos toman por lo menos 6 cursos que est\u00e1n<span class=\"ellipsis\">&hellip;<\/span><\/p>\n<div class=\"read-more\"><a href=\"https:\/\/www.paulcuffee.org\/es\/ensenanza-y-aprendizaje\/escuela-superior\/plan-de-estudios\/\">Leer m\u00e1s \u203a<\/a><\/div>\n<p><!-- end of .read-more --><\/p>\n","protected":false},"author":3,"featured_media":10049,"parent":5989,"menu_order":0,"comment_status":"closed","ping_status":"closed","template":"","meta":{"_acf_changed":false,"_monsterinsights_skip_tracking":false,"_monsterinsights_sitenote_active":false,"_monsterinsights_sitenote_note":"","_monsterinsights_sitenote_category":0,"ngg_post_thumbnail":0,"footnotes":""},"tags":[],"class_list":["post-5990","page","type-page","status-publish","has-post-thumbnail","hentry"],"acf":[],"_links":{"self":[{"href":"https:\/\/www.paulcuffee.org\/es\/wp-json\/wp\/v2\/pages\/5990","targetHints":{"allow":["GET"]}}],"collection":[{"href":"https:\/\/www.paulcuffee.org\/es\/wp-json\/wp\/v2\/pages"}],"about":[{"href":"https:\/\/www.paulcuffee.org\/es\/wp-json\/wp\/v2\/types\/page"}],"author":[{"embeddable":true,"href":"https:\/\/www.paulcuffee.org\/es\/wp-json\/wp\/v2\/users\/3"}],"replies":[{"embeddable":true,"href":"https:\/\/www.paulcuffee.org\/es\/wp-json\/wp\/v2\/comments?post=5990"}],"version-history":[{"count":0,"href":"https:\/\/www.paulcuffee.org\/es\/wp-json\/wp\/v2\/pages\/5990\/revisions"}],"up":[{"embeddable":true,"href":"https:\/\/www.paulcuffee.org\/es\/wp-json\/wp\/v2\/pages\/5989"}],"wp:featuredmedia":[{"embeddable":true,"href":"https:\/\/www.paulcuffee.org\/es\/wp-json\/wp\/v2\/media\/10049"}],"wp:attachment":[{"href":"https:\/\/www.paulcuffee.org\/es\/wp-json\/wp\/v2\/media?parent=5990"}],"wp:term":[{"taxonomy":"post_tag","embeddable":true,"href":"https:\/\/www.paulcuffee.org\/es\/wp-json\/wp\/v2\/tags?post=5990"}],"curies":[{"name":"wp","href":"https:\/\/api.w.org\/{rel}","templated":true}]}}