{"id":5993,"date":"2015-08-10T19:43:06","date_gmt":"2015-08-10T19:43:06","guid":{"rendered":"http:\/\/www.paulcuffee.org\/?page_id=5993"},"modified":"2017-10-02T16:45:22","modified_gmt":"2017-10-02T16:45:22","slug":"bibliotecas","status":"publish","type":"page","link":"https:\/\/www.paulcuffee.org\/es\/ensenanza-y-aprendizaje\/bibliotecas\/","title":{"rendered":"Una Gama de Recursos de Medios de Comunicaci\u00f3n para Apoyar el Aprendizaje del Estudiante"},"content":{"rendered":"<p>Cada una de las bibliotecas de nuestras tres escuelas cuenta con una amplia colecci\u00f3n de materiales impresos actualizados, una biblioteca virtual en la web con recursos digitales y una amplia gama de materiales para lectura recreativa para estudiantes a distintos niveles.<\/p>\n<p>Los especialistas de la biblioteca trabajan con el personal escolar para maximizar el uso de los recursos de la biblioteca\u00a0y\u00a0la adquisici\u00f3n de destrezas de alfabetizaci\u00f3n, medios de comunicaci\u00f3n e investigaci\u00f3n. El personal de la biblioteca tambi\u00e9n ofrece a los lectores asesoramiento y orientaci\u00f3n, informaci\u00f3n sobre ciudadan\u00eda digital, clubes de lectura, blogs, wikis, y otros recursos promoviendo el aprendizaje permanente, caracter\u00edstica singular de la escuela.<\/p>\n<p>Nuestros bibliotecarios apoyan el curr\u00edculo de la escuela mediante la conexi\u00f3n de recursos de la biblioteca, con unidades de estudio para cada nivel de grado. Tambi\u00e9n ayudan a los estudiantes a desarrollar un amor por la lectura a trav\u00e9s de saber qu\u00e9 temas y tipo materiales le interesa a cada estudiante. El programa de medios de comunicaci\u00f3n de la biblioteca es un recurso para toda la comunidad de PCS, incluyendo al personal de la escuela, las familias y los estudiantes.<\/p>\n<p>Nuestras bibliotecas incluyen varias colecciones especiales que se enfocan en aspectos e intereses que tienen que ver con la realizaci\u00f3n humana. Su apoyo para las bibliotecas ayuda a financiar estos y otros recursos de enriquecimiento para nuestros estudiantes.<\/p>\n<p>No dude en visitar <a href=\"http:\/\/guides.rilinkschools.org\/maritime\/\" target=\"_blank\" rel=\"noopener\">La Biblioteca Virtual de Paul Cuffee<\/a>, una herramienta interactiva basada en la web que le permite buscar y usar recursos impresos y digitales, as\u00ed como compartir, crear y participar en nuestra comunidad de aprendizaje.<\/p>\n","protected":false},"excerpt":{"rendered":"<p>Cada una de las bibliotecas de nuestras tres escuelas cuenta con una amplia colecci\u00f3n de materiales impresos actualizados, una biblioteca virtual en la web con recursos digitales y una amplia gama de materiales para lectura recreativa para estudiantes a distintos<span class=\"ellipsis\">&hellip;<\/span><\/p>\n<div class=\"read-more\"><a href=\"https:\/\/www.paulcuffee.org\/es\/ensenanza-y-aprendizaje\/bibliotecas\/\">Leer m\u00e1s \u203a<\/a><\/div>\n<p><!-- end of .read-more --><\/p>\n","protected":false},"author":3,"featured_media":1144,"parent":5986,"menu_order":0,"comment_status":"closed","ping_status":"closed","template":"","meta":{"_acf_changed":false,"_monsterinsights_skip_tracking":false,"_monsterinsights_sitenote_active":false,"_monsterinsights_sitenote_note":"","_monsterinsights_sitenote_category":0,"ngg_post_thumbnail":0,"footnotes":""},"tags":[],"class_list":["post-5993","page","type-page","status-publish","has-post-thumbnail","hentry"],"acf":[],"_links":{"self":[{"href":"https:\/\/www.paulcuffee.org\/es\/wp-json\/wp\/v2\/pages\/5993","targetHints":{"allow":["GET"]}}],"collection":[{"href":"https:\/\/www.paulcuffee.org\/es\/wp-json\/wp\/v2\/pages"}],"about":[{"href":"https:\/\/www.paulcuffee.org\/es\/wp-json\/wp\/v2\/types\/page"}],"author":[{"embeddable":true,"href":"https:\/\/www.paulcuffee.org\/es\/wp-json\/wp\/v2\/users\/3"}],"replies":[{"embeddable":true,"href":"https:\/\/www.paulcuffee.org\/es\/wp-json\/wp\/v2\/comments?post=5993"}],"version-history":[{"count":0,"href":"https:\/\/www.paulcuffee.org\/es\/wp-json\/wp\/v2\/pages\/5993\/revisions"}],"up":[{"embeddable":true,"href":"https:\/\/www.paulcuffee.org\/es\/wp-json\/wp\/v2\/pages\/5986"}],"wp:featuredmedia":[{"embeddable":true,"href":"https:\/\/www.paulcuffee.org\/es\/wp-json\/wp\/v2\/media\/1144"}],"wp:attachment":[{"href":"https:\/\/www.paulcuffee.org\/es\/wp-json\/wp\/v2\/media?parent=5993"}],"wp:term":[{"taxonomy":"post_tag","embeddable":true,"href":"https:\/\/www.paulcuffee.org\/es\/wp-json\/wp\/v2\/tags?post=5993"}],"curies":[{"name":"wp","href":"https:\/\/api.w.org\/{rel}","templated":true}]}}