{"id":6000,"date":"2015-08-17T14:10:08","date_gmt":"2015-08-17T14:10:08","guid":{"rendered":"http:\/\/www.paulcuffee.org\/?page_id=6000"},"modified":"2022-11-15T15:52:31","modified_gmt":"2022-11-15T15:52:31","slug":"proceso-de-admision","status":"publish","type":"page","link":"https:\/\/www.paulcuffee.org\/es\/admision\/proceso-de-admision\/","title":{"rendered":"Proceso y Requisitos de Admisi\u00f3n"},"content":{"rendered":"<p>Como una escuela charter, Paul Cuffee est\u00e1 abierta a los estudiantes que residen en Providence, independientemente de su situaci\u00f3n socioecon\u00f3mica, capacidad acad\u00e9mica, u origen \u00e9tnico. Los estudiantes son admitidos a trav\u00e9s de una loter\u00eda abierta controlado por el estado cada primavera, d\u00e1ndoles preferencia a los hermanos de estudiantes que actualmente atienden nuestra escuela. Aceptamos solicitudes para kindergarten hasta el grado 12.<\/p>\n<h2><b>Requisitos\/Criterio de elegibilidad<\/b><\/h2>\n<ul>\n<li>Los estudiantes deben ser residentes de la ciudad de Providence.<\/li>\n<li>Los requisitos de edad:\n<ul>\n<li>Los estudiantes deben tener 5 a\u00f1os en o antes del 1 de septiembre para entrar al kindergarten.<\/li>\n<li>Los estudiantes deben tener 6 a\u00f1os de edad en o antes del 1 de septiembre al entrar a primer grado.<\/li>\n<\/ul>\n<\/li>\n<li>Los padres deben completar y presentar un formulario de solicitud conforme al plazo de entrega (ver el <a href=\"https:\/\/www.paulcuffee.org\/es\/por-que-aplicar\/admissions-calendar\/\">Calendario de Inscipci\u00f3n<\/a>).<\/li>\n<\/ul>\n<h2><b> Ingreso<\/b><\/h2>\n<p>Las familias tienen la obligaci\u00f3n de entregar los formularios y la documentaci\u00f3n dentro de 15 d\u00edas para confirmar su ingreso. Si las familias no aportan la documentaci\u00f3n requerida dentro de este tiempo, el espacio se puede dar a otro estudiante en la lista de espera.<\/p>\n<p>Los estudiantes admitidos tendr\u00e1n que asistir a un d\u00eda de Bienvenida y Emisi\u00f3n en mayo y Orientaci\u00f3n para estudiantes nuevos en agosto.<\/p>\n<h2><b>Lista de espera<\/b><\/h2>\n<p>Los estudiantes que aplican a la escuela pero no son aceptados a trav\u00e9s de la loter\u00eda ser\u00e1n colocados en una lista de espera en el orden en que hayan sido sacados durante el sorteo.&nbsp;<\/p>\n<p>Los padres de los estudiantes que no hayan sido seleccionados de la lista de espera para diciembre pueden volver a llenar una solicitud para el pr\u00f3ximo a\u00f1o escolar presentando una nueva solicitud durante el per\u00edodo de admisi\u00f3n. De acuerdo con las pautas de inscripci\u00f3n del Departamento de Educaci\u00f3n de Rhode Island para las escuelas aut\u00f3nomas, las listas de espera no se transferir\u00e1n de un a\u00f1o a otro. Cada a\u00f1o se realiza una nueva loter\u00eda.<\/p>\n","protected":false},"excerpt":{"rendered":"<p>Como una escuela charter, Paul Cuffee est\u00e1 abierta a los estudiantes que residen en Providence, independientemente de su situaci\u00f3n socioecon\u00f3mica, capacidad acad\u00e9mica, u origen \u00e9tnico. Los estudiantes son admitidos a trav\u00e9s de una loter\u00eda abierta controlado por el estado cada<span class=\"ellipsis\">&hellip;<\/span><\/p>\n<div class=\"read-more\"><a href=\"https:\/\/www.paulcuffee.org\/es\/admision\/proceso-de-admision\/\">Leer m\u00e1s \u203a<\/a><\/div>\n<p><!-- end of .read-more --><\/p>\n","protected":false},"author":3,"featured_media":12182,"parent":5999,"menu_order":0,"comment_status":"closed","ping_status":"open","template":"","meta":{"_acf_changed":false,"_monsterinsights_skip_tracking":false,"_monsterinsights_sitenote_active":false,"_monsterinsights_sitenote_note":"","_monsterinsights_sitenote_category":0,"ngg_post_thumbnail":0,"footnotes":""},"tags":[],"class_list":["post-6000","page","type-page","status-publish","has-post-thumbnail","hentry"],"acf":[],"_links":{"self":[{"href":"https:\/\/www.paulcuffee.org\/es\/wp-json\/wp\/v2\/pages\/6000","targetHints":{"allow":["GET"]}}],"collection":[{"href":"https:\/\/www.paulcuffee.org\/es\/wp-json\/wp\/v2\/pages"}],"about":[{"href":"https:\/\/www.paulcuffee.org\/es\/wp-json\/wp\/v2\/types\/page"}],"author":[{"embeddable":true,"href":"https:\/\/www.paulcuffee.org\/es\/wp-json\/wp\/v2\/users\/3"}],"replies":[{"embeddable":true,"href":"https:\/\/www.paulcuffee.org\/es\/wp-json\/wp\/v2\/comments?post=6000"}],"version-history":[{"count":0,"href":"https:\/\/www.paulcuffee.org\/es\/wp-json\/wp\/v2\/pages\/6000\/revisions"}],"up":[{"embeddable":true,"href":"https:\/\/www.paulcuffee.org\/es\/wp-json\/wp\/v2\/pages\/5999"}],"wp:featuredmedia":[{"embeddable":true,"href":"https:\/\/www.paulcuffee.org\/es\/wp-json\/wp\/v2\/media\/12182"}],"wp:attachment":[{"href":"https:\/\/www.paulcuffee.org\/es\/wp-json\/wp\/v2\/media?parent=6000"}],"wp:term":[{"taxonomy":"post_tag","embeddable":true,"href":"https:\/\/www.paulcuffee.org\/es\/wp-json\/wp\/v2\/tags?post=6000"}],"curies":[{"name":"wp","href":"https:\/\/api.w.org\/{rel}","templated":true}]}}