{"id":6003,"date":"2015-08-18T14:38:36","date_gmt":"2015-08-18T14:38:36","guid":{"rendered":"http:\/\/www.paulcuffee.org\/?page_id=6003"},"modified":"2026-01-26T18:02:33","modified_gmt":"2026-01-26T18:02:33","slug":"casas-abiertas","status":"publish","type":"page","link":"https:\/\/www.paulcuffee.org\/es\/admision\/casas-abiertas\/","title":{"rendered":"Casas Abiertas"},"content":{"rendered":"<p><span style=\"font-weight: 400;\">La Escuela Paul Cuffee tendr\u00e1 dos Casas Abiertas para las familias pensando en aplicar para el a\u00f1o acad\u00e9mico 2024-2025: una para las Escuelas Elemental e Intermedia (para estudiantes entrando a los grados K-8 en 2024) y uno para la Escuela Superior (para estudiantes entrando a los grados 9-12 en el 2024).<\/span><\/p>\n<p><span style=\"font-weight: 400;\">Le invitamos a unirse a nosotros en una o ambas de estas Casas Abiertas para visitar el edificio, aprender sobre nuestros programas acad\u00e9micos y conocer a estudiantes, profesores y maestros.<\/span><\/p>\n<h3><b>Casa Abierta para las Escuelas Elemental e Intermedia (Grados K-8)<\/b><\/h3>\n<p><b>Fecha:<\/b><span style=\"font-weight: 400;\"> Jueves, 5 de febrero de 2026 de 5:00-7:00 pm<\/span><span style=\"font-weight: 400;\"><br \/>\n<\/span><b>Lugar<\/b><span style=\"font-weight: 400;\">: Escuela Elemental de Paul Cuffee, 459 Promenade Street, Providence RI<\/span><\/p>\n<hr>\n<h3><b>Casa Abierta de la Escuela Superior (Grados 9-12)<\/b><\/h3>\n<p><b>Fecha:<\/b><span style=\"font-weight: 400;\"> Jueves, 26 de febrero de 2026 de 5:30-6:30 pm<\/span><span style=\"font-weight: 400;\"><br \/>\n<\/span><b>Lugar:<\/b><span style=\"font-weight: 400;\"> Escuela Superior de Paul Cuffee, 544 Elmwood Ave, Providence RI<\/span><\/p>\n<hr>\n<p><span style=\"text-decoration: underline;\"><em><a href=\"https:\/\/www.paulcuffee.org\/wp-content\/uploads\/2026\/01\/2025-26-Open-House-Flyer-Spanish.pdf\">Vea el folleto<\/a><\/em><\/span><\/p>\n<hr>\n<p><span style=\"font-weight: 400;\">Si usted tiene alguna pregunta, comun\u00edquese con:<\/span><\/p>\n<p><span style=\"font-weight: 400;\">Cindy Sangiovanni<\/span><span style=\"font-weight: 400;\"><br \/>\n<\/span><span style=\"font-weight: 400;\">Coordinadora de Admisiones<\/span><span style=\"font-weight: 400;\"><br \/>\n<\/span><span style=\"font-weight: 400;\">401-601-6410<\/span><span style=\"font-weight: 400;\"><br \/>\n<\/span><span style=\"font-weight: 400;\">admissions@paulcuffee.org<\/span><\/p>\n<p><br style=\"font-weight: 400;\"><br style=\"font-weight: 400;\"><br style=\"font-weight: 400;\">&nbsp;<\/p>\n","protected":false},"excerpt":{"rendered":"<p>La Escuela Paul Cuffee tendr\u00e1 dos Casas Abiertas para las familias pensando en aplicar para el a\u00f1o acad\u00e9mico 2024-2025: una para las Escuelas Elemental e Intermedia (para estudiantes entrando a los grados K-8 en 2024) y uno para la Escuela<span class=\"ellipsis\">&hellip;<\/span><\/p>\n<div class=\"read-more\"><a href=\"https:\/\/www.paulcuffee.org\/es\/admision\/casas-abiertas\/\">Leer m\u00e1s \u203a<\/a><\/div>\n<p><!-- end of .read-more --><\/p>\n","protected":false},"author":3,"featured_media":12182,"parent":5999,"menu_order":1,"comment_status":"closed","ping_status":"closed","template":"","meta":{"_acf_changed":false,"_monsterinsights_skip_tracking":false,"_monsterinsights_sitenote_active":false,"_monsterinsights_sitenote_note":"","_monsterinsights_sitenote_category":0,"ngg_post_thumbnail":0,"footnotes":""},"tags":[],"class_list":["post-6003","page","type-page","status-publish","has-post-thumbnail","hentry"],"acf":[],"_links":{"self":[{"href":"https:\/\/www.paulcuffee.org\/es\/wp-json\/wp\/v2\/pages\/6003","targetHints":{"allow":["GET"]}}],"collection":[{"href":"https:\/\/www.paulcuffee.org\/es\/wp-json\/wp\/v2\/pages"}],"about":[{"href":"https:\/\/www.paulcuffee.org\/es\/wp-json\/wp\/v2\/types\/page"}],"author":[{"embeddable":true,"href":"https:\/\/www.paulcuffee.org\/es\/wp-json\/wp\/v2\/users\/3"}],"replies":[{"embeddable":true,"href":"https:\/\/www.paulcuffee.org\/es\/wp-json\/wp\/v2\/comments?post=6003"}],"version-history":[{"count":0,"href":"https:\/\/www.paulcuffee.org\/es\/wp-json\/wp\/v2\/pages\/6003\/revisions"}],"up":[{"embeddable":true,"href":"https:\/\/www.paulcuffee.org\/es\/wp-json\/wp\/v2\/pages\/5999"}],"wp:featuredmedia":[{"embeddable":true,"href":"https:\/\/www.paulcuffee.org\/es\/wp-json\/wp\/v2\/media\/12182"}],"wp:attachment":[{"href":"https:\/\/www.paulcuffee.org\/es\/wp-json\/wp\/v2\/media?parent=6003"}],"wp:term":[{"taxonomy":"post_tag","embeddable":true,"href":"https:\/\/www.paulcuffee.org\/es\/wp-json\/wp\/v2\/tags?post=6003"}],"curies":[{"name":"wp","href":"https:\/\/api.w.org\/{rel}","templated":true}]}}