{"id":6010,"date":"2015-08-11T17:25:43","date_gmt":"2015-08-11T17:25:43","guid":{"rendered":"http:\/\/www.paulcuffee.org\/?page_id=6010"},"modified":"2021-08-25T03:51:40","modified_gmt":"2021-08-25T03:51:40","slug":"panorama","status":"publish","type":"page","link":"https:\/\/www.paulcuffee.org\/es\/nosotros\/panorama\/","title":{"rendered":"Un Panorama de la Escuela Paul Cuffee"},"content":{"rendered":"<p><strong>Qui\u00e9nes somos:<\/strong>&nbsp;Una escuela p\u00fablica con un tema mar\u00edtimo para los ni\u00f1os de Providence<\/p>\n<p><strong>Grados:<\/strong>&nbsp;K-12<\/p>\n<p><strong>Admisi\u00f3n:<\/strong>&nbsp;Los estudiantes son elegidos del grupo&nbsp;de aspirantes a trav\u00e9s de una loter\u00eda realizada cada a\u00f1o en marzo<\/p>\n<p><strong>A\u00f1o cuando se fund\u00f3 la escuela:<\/strong>&nbsp;2001<\/p>\n<p><strong>Matr\u00edcula actual:<\/strong>&nbsp;819<\/p>\n<p><strong>An\u00e1lisis de Inscripci\u00f3n:<\/strong><\/p>\n<p style=\"padding-left: 30px;\">61% Hispanos<br \/>\n26% Afro-Americanos<br \/>\n10% Cauc\u00e1sico (norteamericano)<br \/>\n5% Asi\u00e1tico\/ Islas del pacifico<br \/>\n&lt;1% Nativos americanos<\/p>\n<p><strong>C\u00f3digo de vestimenta:<\/strong>&nbsp;uniforme escolar<\/p>\n<p><strong>Facultad:<\/strong>&nbsp;153<\/p>\n<p><strong>Facultad con grados avanzados:<\/strong>&nbsp;67%<\/p>\n<p><strong>Promedio de estudiantes por clase:<\/strong>&nbsp;19<\/p>\n<p><strong>Deportes de la escuela Superior:<\/strong>&nbsp;f\u00fatbol (mixto), baloncesto (ni\u00f1os y ni\u00f1as), b\u00e9isbol, softball, atletismo al aire libre<\/p>\n<p><strong>Deportes de la escuela Intermedia:<\/strong>&nbsp;f\u00fatbol (mixto), baloncesto (ni\u00f1os y ni\u00f1as), b\u00e9isbol (mixto), atletismo al aire libre<\/p>\n<p><strong>Actividades:<\/strong>&nbsp;<a href=\"https:\/\/www.paulcuffee.org\/es\/vida-escolar\/extracurriculares\/club-despues-de-escuela\/\">Club Despu\u00e9s de Escuela<\/a>, navegaci\u00f3n, debate, ciencias, el ajedrez, peri\u00f3dico, club de arte, club de Shakespeare, teatro, senado estudiantil, anuario, cultura e idioma japon\u00e9s, yoga, fotograf\u00eda, servicio a la comunidad, otros<\/p>\n","protected":false},"excerpt":{"rendered":"<p>Qui\u00e9nes somos:&nbsp;Una escuela p\u00fablica con un tema mar\u00edtimo para los ni\u00f1os de Providence Grados:&nbsp;K-12 Admisi\u00f3n:&nbsp;Los estudiantes son elegidos del grupo&nbsp;de aspirantes a trav\u00e9s de una loter\u00eda realizada cada a\u00f1o en marzo A\u00f1o cuando se fund\u00f3 la escuela:&nbsp;2001 Matr\u00edcula actual:&nbsp;819 An\u00e1lisis<span class=\"ellipsis\">&hellip;<\/span><\/p>\n<div class=\"read-more\"><a href=\"https:\/\/www.paulcuffee.org\/es\/nosotros\/panorama\/\">Leer m\u00e1s \u203a<\/a><\/div>\n<p><!-- end of .read-more --><\/p>\n","protected":false},"author":3,"featured_media":6512,"parent":6011,"menu_order":0,"comment_status":"closed","ping_status":"closed","template":"","meta":{"_acf_changed":false,"_monsterinsights_skip_tracking":false,"_monsterinsights_sitenote_active":false,"_monsterinsights_sitenote_note":"","_monsterinsights_sitenote_category":0,"ngg_post_thumbnail":0,"footnotes":""},"tags":[],"class_list":["post-6010","page","type-page","status-publish","has-post-thumbnail","hentry"],"acf":[],"_links":{"self":[{"href":"https:\/\/www.paulcuffee.org\/es\/wp-json\/wp\/v2\/pages\/6010","targetHints":{"allow":["GET"]}}],"collection":[{"href":"https:\/\/www.paulcuffee.org\/es\/wp-json\/wp\/v2\/pages"}],"about":[{"href":"https:\/\/www.paulcuffee.org\/es\/wp-json\/wp\/v2\/types\/page"}],"author":[{"embeddable":true,"href":"https:\/\/www.paulcuffee.org\/es\/wp-json\/wp\/v2\/users\/3"}],"replies":[{"embeddable":true,"href":"https:\/\/www.paulcuffee.org\/es\/wp-json\/wp\/v2\/comments?post=6010"}],"version-history":[{"count":0,"href":"https:\/\/www.paulcuffee.org\/es\/wp-json\/wp\/v2\/pages\/6010\/revisions"}],"up":[{"embeddable":true,"href":"https:\/\/www.paulcuffee.org\/es\/wp-json\/wp\/v2\/pages\/6011"}],"wp:featuredmedia":[{"embeddable":true,"href":"https:\/\/www.paulcuffee.org\/es\/wp-json\/wp\/v2\/media\/6512"}],"wp:attachment":[{"href":"https:\/\/www.paulcuffee.org\/es\/wp-json\/wp\/v2\/media?parent=6010"}],"wp:term":[{"taxonomy":"post_tag","embeddable":true,"href":"https:\/\/www.paulcuffee.org\/es\/wp-json\/wp\/v2\/tags?post=6010"}],"curies":[{"name":"wp","href":"https:\/\/api.w.org\/{rel}","templated":true}]}}