{"id":6045,"date":"2015-08-12T16:10:26","date_gmt":"2015-08-12T16:10:26","guid":{"rendered":"http:\/\/www.paulcuffee.org\/?page_id=6045"},"modified":"2023-10-19T16:02:59","modified_gmt":"2023-10-19T16:02:59","slug":"empleo","status":"publish","type":"page","link":"https:\/\/www.paulcuffee.org\/es\/nosotros\/empleo\/","title":{"rendered":"Empleo en PCS"},"content":{"rendered":"<p>Para cumplir nuestra misi\u00f3n, buscamos miembros del equipo que sean cultural y profesionalmente competentes, adem\u00e1s de agradables, adaptables, resilientes e innovadores. Combinar y perfeccionar las fortalezas de nuestros equipos ayuda a garantizar que los 800 estudiantes K-12 a los que atendemos reciban la calidad de instrucci\u00f3n, programas y recursos que necesitan para lograr con \u00e9xito sus objetivos universitarios y profesionales y convertirse en miembros contribuyentes de la sociedad.<\/p>\n<p>Paul Cuffee ofrece generosos beneficios a los empleados que trabajan a tiempo completo, incluido el desarrollo profesional; 12 vacaciones pagadas; vacaciones y tiempo de enfermedad; 3 d\u00edas personales; licencia de maternidad\/paternidad; 80% de contribuci\u00f3n del empleador para seguro m\u00e9dico, dental y de la vista; opci\u00f3n de cuenta de gastos flexible; seguro de vida pagado m\u00e1s contribuci\u00f3n del empleador por discapacidad a corto y largo plazo; programas de fondos de jubilaci\u00f3n con contribuciones equivalentes del empleador.<\/p>\n<h2>Oportunidades de empleo actuales<\/h2>\n<p>Revise el m\u00e9todo de solicitud requerido para cada anuncio de trabajo espec\u00edfico y suba su carta de inter\u00e9s, curr\u00edculum vitae y otros documentos seg\u00fan lo solicitado en el anuncio.<\/p>\n<p>Para ver las ofertas de trabajo actuales, <a href=\"http:\/\/paulcuffeerh.tedk12.com\/hire\">haga clic aqu\u00ed<\/a>.<\/p>\n<p>&nbsp;<\/p>\n<hr>\n<p><em>Es la p\u00f3liza de la Escuela Paul Cuffee no discriminar a ninguna persona por motivos de raza, color, g\u00e9nero, sexo, discapacidad, edad, religi\u00f3n, origen nacional, orientaci\u00f3n sexual, el servicio militar uniformado, actividad protegida (por ejemplo, la oposici\u00f3n a la discriminaci\u00f3n o la participaci\u00f3n en los procedimientos cubiertos en los estatutos contra la discriminaci\u00f3n), o cualquier caracter\u00edstica protegida por la ley con respecto a la selecci\u00f3n, contrataci\u00f3n, entrenamiento, ascensos, u otros t\u00e9rminos y condiciones de empleo.<\/em><\/p>\n<p>&nbsp;<\/p>\n","protected":false},"excerpt":{"rendered":"<p>Para cumplir nuestra misi\u00f3n, buscamos miembros del equipo que sean cultural y profesionalmente competentes, adem\u00e1s de agradables, adaptables, resilientes e innovadores. Combinar y perfeccionar las fortalezas de nuestros equipos ayuda a garantizar que los 800 estudiantes K-12 a los que<span class=\"ellipsis\">&hellip;<\/span><\/p>\n<div class=\"read-more\"><a href=\"https:\/\/www.paulcuffee.org\/es\/nosotros\/empleo\/\">Leer m\u00e1s \u203a<\/a><\/div>\n<p><!-- end of .read-more --><\/p>\n","protected":false},"author":3,"featured_media":12937,"parent":6011,"menu_order":0,"comment_status":"closed","ping_status":"closed","template":"","meta":{"_acf_changed":false,"_monsterinsights_skip_tracking":false,"_monsterinsights_sitenote_active":false,"_monsterinsights_sitenote_note":"","_monsterinsights_sitenote_category":0,"ngg_post_thumbnail":0,"footnotes":""},"tags":[],"class_list":["post-6045","page","type-page","status-publish","has-post-thumbnail","hentry"],"acf":[],"_links":{"self":[{"href":"https:\/\/www.paulcuffee.org\/es\/wp-json\/wp\/v2\/pages\/6045","targetHints":{"allow":["GET"]}}],"collection":[{"href":"https:\/\/www.paulcuffee.org\/es\/wp-json\/wp\/v2\/pages"}],"about":[{"href":"https:\/\/www.paulcuffee.org\/es\/wp-json\/wp\/v2\/types\/page"}],"author":[{"embeddable":true,"href":"https:\/\/www.paulcuffee.org\/es\/wp-json\/wp\/v2\/users\/3"}],"replies":[{"embeddable":true,"href":"https:\/\/www.paulcuffee.org\/es\/wp-json\/wp\/v2\/comments?post=6045"}],"version-history":[{"count":0,"href":"https:\/\/www.paulcuffee.org\/es\/wp-json\/wp\/v2\/pages\/6045\/revisions"}],"up":[{"embeddable":true,"href":"https:\/\/www.paulcuffee.org\/es\/wp-json\/wp\/v2\/pages\/6011"}],"wp:featuredmedia":[{"embeddable":true,"href":"https:\/\/www.paulcuffee.org\/es\/wp-json\/wp\/v2\/media\/12937"}],"wp:attachment":[{"href":"https:\/\/www.paulcuffee.org\/es\/wp-json\/wp\/v2\/media?parent=6045"}],"wp:term":[{"taxonomy":"post_tag","embeddable":true,"href":"https:\/\/www.paulcuffee.org\/es\/wp-json\/wp\/v2\/tags?post=6045"}],"curies":[{"name":"wp","href":"https:\/\/api.w.org\/{rel}","templated":true}]}}